{"id":1166,"date":"2021-04-22T12:02:10","date_gmt":"2021-04-22T16:02:10","guid":{"rendered":"https:\/\/nouveau.arrowlocation.com\/?page_id=1166"},"modified":"2021-12-03T10:41:04","modified_gmt":"2021-12-03T15:41:04","slug":"entreprise-nettoyage-apres-sinistre","status":"publish","type":"page","link":"https:\/\/arrowlocation.com\/en\/entreprise-nettoyage-apres-sinistre\/","title":{"rendered":"Partner discount"},"content":{"rendered":"<div data-elementor-type=\"wp-page\" data-elementor-id=\"1166\" class=\"elementor elementor-1166\" data-elementor-post-type=\"page\">\n\t\t\t\t\t\t<section data-particle_enable=\"false\" data-particle-mobile-disabled=\"false\" class=\"elementor-section elementor-top-section elementor-element elementor-element-3ec0f3f elementor-section-boxed elementor-section-height-default elementor-section-height-default\" data-id=\"3ec0f3f\" data-element_type=\"section\" data-settings=\"{&quot;background_background&quot;:&quot;classic&quot;}\">\n\t\t\t\t\t\t<div class=\"elementor-container elementor-column-gap-default\">\n\t\t\t\t\t<div class=\"elementor-column elementor-col-100 elementor-top-column elementor-element elementor-element-16f6bc4\" data-id=\"16f6bc4\" data-element_type=\"column\">\n\t\t\t<div class=\"elementor-widget-wrap elementor-element-populated\">\n\t\t\t\t\t\t<div class=\"elementor-element elementor-element-a010094 elementor-widget elementor-widget-spacer\" data-id=\"a010094\" data-element_type=\"widget\" data-widget_type=\"spacer.default\">\n\t\t\t\t<div class=\"elementor-widget-container\">\n\t\t\t\t\t\t\t<div class=\"elementor-spacer\">\n\t\t\t<div class=\"elementor-spacer-inner\"><\/div>\n\t\t<\/div>\n\t\t\t\t\t\t<\/div>\n\t\t\t\t<\/div>\n\t\t\t\t<div class=\"elementor-element elementor-element-43d35fe elementor-widget elementor-widget-heading\" data-id=\"43d35fe\" data-element_type=\"widget\" data-widget_type=\"heading.default\">\n\t\t\t\t<div class=\"elementor-widget-container\">\n\t\t\t\t\t<h1 class=\"elementor-heading-title elementor-size-default\"><span>Disaster Services - Insurers<\/span><\/h1>\t\t\t\t<\/div>\n\t\t\t\t<\/div>\n\t\t\t\t<div class=\"elementor-element elementor-element-afeaa29 elementor-widget elementor-widget-spacer\" data-id=\"afeaa29\" data-element_type=\"widget\" data-widget_type=\"spacer.default\">\n\t\t\t\t<div class=\"elementor-widget-container\">\n\t\t\t\t\t\t\t<div class=\"elementor-spacer\">\n\t\t\t<div class=\"elementor-spacer-inner\"><\/div>\n\t\t<\/div>\n\t\t\t\t\t\t<\/div>\n\t\t\t\t<\/div>\n\t\t\t\t\t<\/div>\n\t\t<\/div>\n\t\t\t\t\t<\/div>\n\t\t<\/section>\n\t\t\t\t<section data-particle_enable=\"false\" data-particle-mobile-disabled=\"false\" class=\"elementor-section elementor-top-section elementor-element elementor-element-b916f97 elementor-section-boxed elementor-section-height-default elementor-section-height-default\" data-id=\"b916f97\" data-element_type=\"section\" data-settings=\"{&quot;background_background&quot;:&quot;classic&quot;}\">\n\t\t\t\t\t\t<div class=\"elementor-container elementor-column-gap-default\">\n\t\t\t\t\t<div class=\"elementor-column elementor-col-33 elementor-top-column elementor-element elementor-element-cb0f2d2\" data-id=\"cb0f2d2\" data-element_type=\"column\">\n\t\t\t<div class=\"elementor-widget-wrap elementor-element-populated\">\n\t\t\t\t\t\t<div class=\"elementor-element elementor-element-c2526d6 elementor-widget elementor-widget-image\" data-id=\"c2526d6\" data-element_type=\"widget\" data-widget_type=\"image.default\">\n\t\t\t\t<div class=\"elementor-widget-container\">\n\t\t\t\t\t\t\t\t\t\t\t\t\t\t\t<img decoding=\"async\" src=\"https:\/\/arrowlocation.com\/wp-content\/uploads\/2021\/04\/Perso_Assureurs_nathanDominic_475x375.png\" title=\"Perso_Assureurs_nathanDominic_475x375\" alt=\"Perso_Assureurs_nathanDominic_475x375\" loading=\"lazy\" \/>\t\t\t\t\t\t\t\t\t\t\t\t\t\t\t<\/div>\n\t\t\t\t<\/div>\n\t\t\t\t\t<\/div>\n\t\t<\/div>\n\t\t\t\t<div class=\"elementor-column elementor-col-66 elementor-top-column elementor-element elementor-element-3241467\" data-id=\"3241467\" data-element_type=\"column\">\n\t\t\t<div class=\"elementor-widget-wrap elementor-element-populated\">\n\t\t\t\t\t\t<div class=\"elementor-element elementor-element-3d9ebd9 elementor-widget elementor-widget-heading\" data-id=\"3d9ebd9\" data-element_type=\"widget\" data-widget_type=\"heading.default\">\n\t\t\t\t<div class=\"elementor-widget-container\">\n\t\t\t\t\t<h2 class=\"elementor-heading-title elementor-size-default\">Nathan and Dominique<\/h2>\t\t\t\t<\/div>\n\t\t\t\t<\/div>\n\t\t\t\t<div class=\"elementor-element elementor-element-762b84f elementor-widget elementor-widget-heading\" data-id=\"762b84f\" data-element_type=\"widget\" data-widget_type=\"heading.default\">\n\t\t\t\t<div class=\"elementor-widget-container\">\n\t\t\t\t\t<h4 class=\"elementor-heading-title elementor-size-default\">OWNERS OF A DISASTER CLEANUP COMPANY<\/h4>\t\t\t\t<\/div>\n\t\t\t\t<\/div>\n\t\t\t\t<div class=\"elementor-element elementor-element-96ecd1b elementor-widget elementor-widget-text-editor\" data-id=\"96ecd1b\" data-element_type=\"widget\" data-widget_type=\"text-editor.default\">\n\t\t\t\t<div class=\"elementor-widget-container\">\n\t\t\t\t\t\t\t\t\t<p>Owners of a disaster clean-up company, Nathan and Dominique have a front row seat to see the distress on their customers' faces. Anxious to always do more to bring a little comfort to their customers, they decide to find different partners. In this way, their customers will be able to benefit from many advantages negotiated just for them. What to do? Find a fully equipped temporary accommodation solution at a discount to house their customers who are victims of a disaster. <strong>Arrow is the ideal temporary rental solution.<\/strong><\/p>\t\t\t\t\t\t\t\t<\/div>\n\t\t\t\t<\/div>\n\t\t\t\t\t<\/div>\n\t\t<\/div>\n\t\t\t\t\t<\/div>\n\t\t<\/section>\n\t\t\t\t<section data-particle_enable=\"false\" data-particle-mobile-disabled=\"false\" class=\"elementor-section elementor-top-section elementor-element elementor-element-bb9a9ad elementor-section-boxed elementor-section-height-default elementor-section-height-default\" data-id=\"bb9a9ad\" data-element_type=\"section\" data-settings=\"{&quot;background_background&quot;:&quot;classic&quot;}\">\n\t\t\t\t\t\t<div class=\"elementor-container elementor-column-gap-default\">\n\t\t\t\t\t<div class=\"elementor-column elementor-col-100 elementor-top-column elementor-element elementor-element-997141d\" data-id=\"997141d\" data-element_type=\"column\">\n\t\t\t<div class=\"elementor-widget-wrap elementor-element-populated\">\n\t\t\t\t\t\t<div class=\"elementor-element elementor-element-00600c4 elementor-widget elementor-widget-heading\" data-id=\"00600c4\" data-element_type=\"widget\" data-widget_type=\"heading.default\">\n\t\t\t\t<div class=\"elementor-widget-container\">\n\t\t\t\t\t<h3 class=\"elementor-heading-title elementor-size-default\">Compare them\nArrow benefits<\/h3>\t\t\t\t<\/div>\n\t\t\t\t<\/div>\n\t\t\t\t\t<\/div>\n\t\t<\/div>\n\t\t\t\t\t<\/div>\n\t\t<\/section>\n\t\t\t\t<section data-particle_enable=\"false\" data-particle-mobile-disabled=\"false\" class=\"elementor-section elementor-top-section elementor-element elementor-element-2bfe66a elementor-section-boxed elementor-section-height-default elementor-section-height-default\" data-id=\"2bfe66a\" data-element_type=\"section\" data-settings=\"{&quot;background_background&quot;:&quot;classic&quot;}\">\n\t\t\t\t\t\t<div class=\"elementor-container elementor-column-gap-default\">\n\t\t\t\t\t<div class=\"elementor-column elementor-col-33 elementor-top-column elementor-element elementor-element-1b4c6a1\" data-id=\"1b4c6a1\" data-element_type=\"column\">\n\t\t\t<div class=\"elementor-widget-wrap elementor-element-populated\">\n\t\t\t\t\t\t<div class=\"elementor-element elementor-element-98a0615 eael-pricing-content-align-left eael-pricing-button-align-center elementor-widget elementor-widget-eael-pricing-table\" data-id=\"98a0615\" data-element_type=\"widget\" data-widget_type=\"eael-pricing-table.default\">\n\t\t\t\t<div class=\"elementor-widget-container\">\n\t\t\t\t\t                    <div class=\"eael-pricing style-1 eael-header-devider\">\n                <div class=\"eael-pricing-item\">\n                    <div class=\"header\">\n                        <h2 class=\"title\">Arrow<\/h2>\n                    <\/div>\n                    <div class=\"eael-pricing-tag\">\n                        <span class=\"price-tag\"><span class=\"original-price\"><span class=\"price-currency\"><\/span>From $65 \/ day<\/span><\/span><span class=\"price-period\"><\/span>                    <\/div>\n                    <div class=\"body\">\n                                <ul>\n                            <li class=\"eael-pricing-item-feature elementor-repeater-item-c47b556\">\n                    \n                    \n                    <span >Uniform units<\/span>\n                    \n                     \n                <\/li>\n                            <li class=\"eael-pricing-item-feature elementor-repeater-item-14b0d51\">\n                    \n                    \n                    <span >high quality standards<\/span>\n                    \n                     \n                <\/li>\n                            <li class=\"eael-pricing-item-feature elementor-repeater-item-6d15f77\">\n                    \n                    \n                    <span >Complete services<\/span>\n                    \n                     \n                <\/li>\n                            <li class=\"eael-pricing-item-feature elementor-repeater-item-be86038\">\n                    \n                    \n                    <span >Complete accessories and equipment<\/span>\n                    \n                     \n                <\/li>\n                            <li class=\"eael-pricing-item-feature elementor-repeater-item-307e1bc\">\n                    \n                    \n                    <span >Management by a corporation, centered on customer service<\/span>\n                    \n                     \n                <\/li>\n                            <li class=\"eael-pricing-item-feature elementor-repeater-item-c777099\">\n                    \n                    \n                    <span >Gym, swimming pool, urban BBQ, virtual golf ++<\/span>\n                    \n                     \n                <\/li>\n                            <li class=\"eael-pricing-item-feature elementor-repeater-item-13bc244\">\n                    \n                    \n                    <span >Moderate occupancy volume<\/span>\n                    \n                     \n                <\/li>\n                    <\/ul>\n                        <\/div>\n\t                                <\/div>\n            <\/div>\n                    \t\t\t\t<\/div>\n\t\t\t\t<\/div>\n\t\t\t\t\t<\/div>\n\t\t<\/div>\n\t\t\t\t<div class=\"elementor-column elementor-col-33 elementor-top-column elementor-element elementor-element-76b787e\" data-id=\"76b787e\" data-element_type=\"column\">\n\t\t\t<div class=\"elementor-widget-wrap elementor-element-populated\">\n\t\t\t\t\t\t<div class=\"elementor-element elementor-element-b9d532a eael-pricing-content-align-left eael-pricing-button-align-center elementor-widget elementor-widget-eael-pricing-table\" data-id=\"b9d532a\" data-element_type=\"widget\" data-widget_type=\"eael-pricing-table.default\">\n\t\t\t\t<div class=\"elementor-widget-container\">\n\t\t\t\t\t                    <div class=\"eael-pricing style-1 eael-header-devider\">\n                <div class=\"eael-pricing-item\">\n                    <div class=\"header\">\n                        <h2 class=\"title\">Classified ads<\/h2>\n                    <\/div>\n                    <div class=\"eael-pricing-tag\">\n                        <span class=\"price-tag\"><span class=\"original-price\"><span class=\"price-currency\"><\/span>From $75 \/ day<\/span><\/span><span class=\"price-period\"><\/span>                    <\/div>\n                    <div class=\"body\">\n                                <ul>\n                            <li class=\"eael-pricing-item-feature elementor-repeater-item-c47b556\">\n                    \n                    \n                    <span >Non-uniform units<\/span>\n                    \n                     \n                <\/li>\n                            <li class=\"eael-pricing-item-feature elementor-repeater-item-14b0d51\">\n                    \n                    \n                    <span >Non-existent or variable quality standards<\/span>\n                    \n                     \n                <\/li>\n                            <li class=\"eael-pricing-item-feature elementor-repeater-item-42d84f8\">\n                    \n                    \n                    <span >Limited Services<\/span>\n                    \n                     \n                <\/li>\n                            <li class=\"eael-pricing-item-feature elementor-repeater-item-5e51d3f\">\n                    \n                    \n                    <span >Non-existent or inadequate accessories and equipment<\/span>\n                    \n                     \n                <\/li>\n                            <li class=\"eael-pricing-item-feature elementor-repeater-item-06a08b1\">\n                    \n                    \n                    <span >Management by an individual, centered on profit<\/span>\n                    \n                     \n                <\/li>\n                            <li class=\"eael-pricing-item-feature elementor-repeater-item-bacc5ef\">\n                    \n                    \n                    <span >No or very few inclusions<\/span>\n                    \n                     \n                <\/li>\n                            <li class=\"eael-pricing-item-feature elementor-repeater-item-c499e35\">\n                    \n                    \n                    <span >Variable occupancy volume<\/span>\n                    \n                     \n                <\/li>\n                    <\/ul>\n                        <\/div>\n\t                                <\/div>\n            <\/div>\n                    \t\t\t\t<\/div>\n\t\t\t\t<\/div>\n\t\t\t\t\t<\/div>\n\t\t<\/div>\n\t\t\t\t<div class=\"elementor-column elementor-col-33 elementor-top-column elementor-element elementor-element-f3cdec7\" data-id=\"f3cdec7\" data-element_type=\"column\">\n\t\t\t<div class=\"elementor-widget-wrap elementor-element-populated\">\n\t\t\t\t\t\t<div class=\"elementor-element elementor-element-6410625 eael-pricing-content-align-left eael-pricing-button-align-center elementor-widget elementor-widget-eael-pricing-table\" data-id=\"6410625\" data-element_type=\"widget\" data-widget_type=\"eael-pricing-table.default\">\n\t\t\t\t<div class=\"elementor-widget-container\">\n\t\t\t\t\t                    <div class=\"eael-pricing style-1 eael-header-devider\">\n                <div class=\"eael-pricing-item\">\n                    <div class=\"header\">\n                        <h2 class=\"title\">Hotel<\/h2>\n                    <\/div>\n                    <div class=\"eael-pricing-tag\">\n                        <span class=\"price-tag\"><span class=\"original-price\"><span class=\"price-currency\"><\/span>From $125 \/ day<\/span><\/span><span class=\"price-period\"><\/span>                    <\/div>\n                    <div class=\"body\">\n                                <ul>\n                            <li class=\"eael-pricing-item-feature elementor-repeater-item-c47b556\">\n                    \n                    \n                    <span >Uniform units<\/span>\n                    \n                     \n                <\/li>\n                            <li class=\"eael-pricing-item-feature elementor-repeater-item-14b0d51\">\n                    \n                    \n                    <span >Variable quality standards<\/span>\n                    \n                     \n                <\/li>\n                            <li class=\"eael-pricing-item-feature elementor-repeater-item-42d84f8\">\n                    \n                    \n                    <span >Complete services<\/span>\n                    \n                     \n                <\/li>\n                            <li class=\"eael-pricing-item-feature elementor-repeater-item-5e51d3f\">\n                    \n                    \n                    <span >Limited accessories and equipment<\/span>\n                    \n                     \n                <\/li>\n                            <li class=\"eael-pricing-item-feature elementor-repeater-item-06a08b1\">\n                    \n                    \n                    <span >Management by an individual, centered on profit<\/span>\n                    \n                     \n                <\/li>\n                            <li class=\"eael-pricing-item-feature elementor-repeater-item-bacc5ef\">\n                    \n                    \n                    <span >Gym, swimming pool and lobby<\/span>\n                    \n                     \n                <\/li>\n                            <li class=\"eael-pricing-item-feature elementor-repeater-item-c499e35\">\n                    \n                    \n                    <span >High occupancy volume<\/span>\n                    \n                     \n                <\/li>\n                    <\/ul>\n                        <\/div>\n\t                                <\/div>\n            <\/div>\n                    \t\t\t\t<\/div>\n\t\t\t\t<\/div>\n\t\t\t\t\t<\/div>\n\t\t<\/div>\n\t\t\t\t\t<\/div>\n\t\t<\/section>\n\t\t\t\t<section data-particle_enable=\"false\" data-particle-mobile-disabled=\"false\" class=\"elementor-section elementor-top-section elementor-element elementor-element-1fd98e7 elementor-section-boxed elementor-section-height-default elementor-section-height-default\" data-id=\"1fd98e7\" data-element_type=\"section\" data-settings=\"{&quot;background_background&quot;:&quot;classic&quot;}\">\n\t\t\t\t\t\t<div class=\"elementor-container elementor-column-gap-default\">\n\t\t\t\t\t<div class=\"elementor-column elementor-col-100 elementor-top-column elementor-element elementor-element-950f149\" data-id=\"950f149\" data-element_type=\"column\">\n\t\t\t<div class=\"elementor-widget-wrap elementor-element-populated\">\n\t\t\t\t\t\t<div class=\"elementor-element elementor-element-8291a01 elementor-widget elementor-widget-spacer\" data-id=\"8291a01\" data-element_type=\"widget\" data-widget_type=\"spacer.default\">\n\t\t\t\t<div class=\"elementor-widget-container\">\n\t\t\t\t\t\t\t<div class=\"elementor-spacer\">\n\t\t\t<div class=\"elementor-spacer-inner\"><\/div>\n\t\t<\/div>\n\t\t\t\t\t\t<\/div>\n\t\t\t\t<\/div>\n\t\t\t\t<div class=\"elementor-element elementor-element-eb8f73f elementor-widget elementor-widget-heading\" data-id=\"eb8f73f\" data-element_type=\"widget\" data-widget_type=\"heading.default\">\n\t\t\t\t<div class=\"elementor-widget-container\">\n\t\t\t\t\t<h3 class=\"elementor-heading-title elementor-size-default\">Find a home<\/h3>\t\t\t\t<\/div>\n\t\t\t\t<\/div>\n\t\t\t\t\t<\/div>\n\t\t<\/div>\n\t\t\t\t\t<\/div>\n\t\t<\/section>\n\t\t\t\t<section data-particle_enable=\"false\" data-particle-mobile-disabled=\"false\" class=\"elementor-section elementor-top-section elementor-element elementor-element-4d7a84d elementor-section-boxed elementor-section-height-default elementor-section-height-default\" data-id=\"4d7a84d\" data-element_type=\"section\" data-settings=\"{&quot;background_background&quot;:&quot;classic&quot;}\">\n\t\t\t\t\t\t<div class=\"elementor-container elementor-column-gap-default\">\n\t\t\t\t\t<div class=\"elementor-column elementor-col-50 elementor-top-column elementor-element elementor-element-0554350\" data-id=\"0554350\" data-element_type=\"column\">\n\t\t\t<div class=\"elementor-widget-wrap elementor-element-populated\">\n\t\t\t\t\t\t<div class=\"elementor-element elementor-element-5924742 elementor-widget elementor-widget-image\" data-id=\"5924742\" data-element_type=\"widget\" data-widget_type=\"image.default\">\n\t\t\t\t<div class=\"elementor-widget-container\">\n\t\t\t\t\t\t\t\t\t\t\t\t\t\t\t\t<a href=\"http:\/\/arrowlocation.com\/en\/recherche\/?location%5B%5D=appartements-condos-maisons-a-louer-montreal&#038;bedrooms=\">\n\t\t\t\t\t\t\t<img fetchpriority=\"high\" decoding=\"async\" width=\"1000\" height=\"507\" src=\"https:\/\/arrowlocation.com\/wp-content\/uploads\/2021\/06\/MicrosoftTeams-image-30.jpg\" class=\"elementor-animation-grow attachment-large size-large wp-image-7449\" alt=\"\" srcset=\"https:\/\/arrowlocation.com\/wp-content\/uploads\/2021\/06\/MicrosoftTeams-image-30.jpg 1000w, https:\/\/arrowlocation.com\/wp-content\/uploads\/2021\/06\/MicrosoftTeams-image-30-300x152.jpg 300w, https:\/\/arrowlocation.com\/wp-content\/uploads\/2021\/06\/MicrosoftTeams-image-30-768x389.jpg 768w, https:\/\/arrowlocation.com\/wp-content\/uploads\/2021\/06\/MicrosoftTeams-image-30-18x9.jpg 18w, https:\/\/arrowlocation.com\/wp-content\/uploads\/2021\/06\/MicrosoftTeams-image-30-496x251.jpg 496w\" sizes=\"(max-width: 1000px) 100vw, 1000px\" \/>\t\t\t\t\t\t\t\t<\/a>\n\t\t\t\t\t\t\t\t\t\t\t\t\t\t\t<\/div>\n\t\t\t\t<\/div>\n\t\t\t\t\t<\/div>\n\t\t<\/div>\n\t\t\t\t<div class=\"elementor-column elementor-col-50 elementor-top-column elementor-element elementor-element-f2989d5\" data-id=\"f2989d5\" data-element_type=\"column\">\n\t\t\t<div class=\"elementor-widget-wrap elementor-element-populated\">\n\t\t\t\t\t\t<div class=\"elementor-element elementor-element-4b411bc elementor-widget elementor-widget-image\" data-id=\"4b411bc\" data-element_type=\"widget\" data-widget_type=\"image.default\">\n\t\t\t\t<div class=\"elementor-widget-container\">\n\t\t\t\t\t\t\t\t\t\t\t\t\t\t\t\t<a href=\"http:\/\/arrowlocation.com\/en\/recherche\/?location%5B%5D=appartements-condos-maisons-a-louer-quebec&#038;bedrooms=\">\n\t\t\t\t\t\t\t<img decoding=\"async\" width=\"1000\" height=\"507\" src=\"https:\/\/arrowlocation.com\/wp-content\/uploads\/2021\/06\/MicrosoftTeams-image-29.jpg\" class=\"elementor-animation-grow attachment-large size-large wp-image-7450\" alt=\"\" srcset=\"https:\/\/arrowlocation.com\/wp-content\/uploads\/2021\/06\/MicrosoftTeams-image-29.jpg 1000w, https:\/\/arrowlocation.com\/wp-content\/uploads\/2021\/06\/MicrosoftTeams-image-29-300x152.jpg 300w, https:\/\/arrowlocation.com\/wp-content\/uploads\/2021\/06\/MicrosoftTeams-image-29-768x389.jpg 768w, https:\/\/arrowlocation.com\/wp-content\/uploads\/2021\/06\/MicrosoftTeams-image-29-18x9.jpg 18w, https:\/\/arrowlocation.com\/wp-content\/uploads\/2021\/06\/MicrosoftTeams-image-29-496x251.jpg 496w\" sizes=\"(max-width: 1000px) 100vw, 1000px\" \/>\t\t\t\t\t\t\t\t<\/a>\n\t\t\t\t\t\t\t\t\t\t\t\t\t\t\t<\/div>\n\t\t\t\t<\/div>\n\t\t\t\t\t<\/div>\n\t\t<\/div>\n\t\t\t\t\t<\/div>\n\t\t<\/section>\n\t\t\t\t<section data-particle_enable=\"false\" data-particle-mobile-disabled=\"false\" class=\"elementor-section elementor-top-section elementor-element elementor-element-54d301d elementor-section-boxed elementor-section-height-default elementor-section-height-default\" data-id=\"54d301d\" data-element_type=\"section\" data-settings=\"{&quot;background_background&quot;:&quot;classic&quot;}\">\n\t\t\t\t\t\t<div class=\"elementor-container elementor-column-gap-default\">\n\t\t\t\t\t<div class=\"elementor-column elementor-col-100 elementor-top-column elementor-element elementor-element-1f18017\" data-id=\"1f18017\" data-element_type=\"column\">\n\t\t\t<div class=\"elementor-widget-wrap elementor-element-populated\">\n\t\t\t\t\t\t<div class=\"elementor-element elementor-element-0e85e28 elementor-align-center elementor-widget elementor-widget-button\" data-id=\"0e85e28\" data-element_type=\"widget\" data-widget_type=\"button.default\">\n\t\t\t\t<div class=\"elementor-widget-container\">\n\t\t\t\t\t\t\t\t\t<div class=\"elementor-button-wrapper\">\n\t\t\t\t\t<a class=\"elementor-button elementor-button-link elementor-size-md\" href=\"http:\/\/arrowlocation.com\/en\/nous-joindre\/\">\n\t\t\t\t\t\t<span class=\"elementor-button-content-wrapper\">\n\t\t\t\t\t\t\t\t\t<span class=\"elementor-button-text\">Make an appointment<\/span>\n\t\t\t\t\t<\/span>\n\t\t\t\t\t<\/a>\n\t\t\t\t<\/div>\n\t\t\t\t\t\t\t\t<\/div>\n\t\t\t\t<\/div>\n\t\t\t\t\t<\/div>\n\t\t<\/div>\n\t\t\t\t\t<\/div>\n\t\t<\/section>\n\t\t\t\t<section data-particle_enable=\"false\" data-particle-mobile-disabled=\"false\" class=\"elementor-section elementor-top-section elementor-element elementor-element-74bf3d2 elementor-section-boxed elementor-section-height-default elementor-section-height-default\" data-id=\"74bf3d2\" data-element_type=\"section\" data-settings=\"{&quot;background_background&quot;:&quot;classic&quot;}\">\n\t\t\t\t\t\t<div class=\"elementor-container elementor-column-gap-default\">\n\t\t\t\t\t<div class=\"elementor-column elementor-col-100 elementor-top-column elementor-element elementor-element-13e95dc\" data-id=\"13e95dc\" data-element_type=\"column\">\n\t\t\t<div class=\"elementor-widget-wrap elementor-element-populated\">\n\t\t\t\t\t\t<div class=\"elementor-element elementor-element-e1661f0 elementor-widget elementor-widget-spacer\" data-id=\"e1661f0\" data-element_type=\"widget\" data-widget_type=\"spacer.default\">\n\t\t\t\t<div class=\"elementor-widget-container\">\n\t\t\t\t\t\t\t<div class=\"elementor-spacer\">\n\t\t\t<div class=\"elementor-spacer-inner\"><\/div>\n\t\t<\/div>\n\t\t\t\t\t\t<\/div>\n\t\t\t\t<\/div>\n\t\t\t\t\t<\/div>\n\t\t<\/div>\n\t\t\t\t\t<\/div>\n\t\t<\/section>\n\t\t\t\t<\/div>","protected":false},"excerpt":{"rendered":"<p>Services aux sinistr\u00e9s &#8211; assureurs Nathan et Dominique PROPRI\u00c9TAIRES D&#8217;UN ENTREPRISE DE NETTOYAGE APR\u00c8S SINISTRE Propri\u00e9taires d\u2019une entreprise de nettoyage apr\u00e8s sinistre, Nathan et Dominique sont aux premi\u00e8res loges pour voir la d\u00e9tresse qui se dessine sur le visage de leurs clients. Soucieux d\u2019en faire toujours plus pour apporter un peu de r\u00e9confort \u00e0 leurs [&hellip;]<\/p>","protected":false},"author":21,"featured_media":0,"parent":0,"menu_order":0,"comment_status":"closed","ping_status":"closed","template":"elementor_header_footer","meta":{"content-type":"","footnotes":""},"class_list":["post-1166","page","type-page","status-publish","hentry"],"_links":{"self":[{"href":"https:\/\/arrowlocation.com\/en\/wp-json\/wp\/v2\/pages\/1166","targetHints":{"allow":["GET"]}}],"collection":[{"href":"https:\/\/arrowlocation.com\/en\/wp-json\/wp\/v2\/pages"}],"about":[{"href":"https:\/\/arrowlocation.com\/en\/wp-json\/wp\/v2\/types\/page"}],"author":[{"embeddable":true,"href":"https:\/\/arrowlocation.com\/en\/wp-json\/wp\/v2\/users\/21"}],"replies":[{"embeddable":true,"href":"https:\/\/arrowlocation.com\/en\/wp-json\/wp\/v2\/comments?post=1166"}],"version-history":[{"count":0,"href":"https:\/\/arrowlocation.com\/en\/wp-json\/wp\/v2\/pages\/1166\/revisions"}],"wp:attachment":[{"href":"https:\/\/arrowlocation.com\/en\/wp-json\/wp\/v2\/media?parent=1166"}],"curies":[{"name":"wp","href":"https:\/\/api.w.org\/{rel}","templated":true}]}}