{"id":1151,"date":"2021-04-22T11:19:16","date_gmt":"2021-04-22T15:19:16","guid":{"rendered":"https:\/\/nouveau.arrowlocation.com\/?page_id=1151"},"modified":"2021-07-05T08:58:49","modified_gmt":"2021-07-05T12:58:49","slug":"expert-en-sinistre","status":"publish","type":"page","link":"https:\/\/arrowlocation.com\/es\/expert-en-sinistre\/","title":{"rendered":"Ajustador de reclamos"},"content":{"rendered":"<div data-elementor-type=\"wp-page\" data-elementor-id=\"1151\" class=\"elementor elementor-1151\" data-elementor-post-type=\"page\">\n\t\t\t\t\t\t<section data-particle_enable=\"false\" data-particle-mobile-disabled=\"false\" class=\"elementor-section elementor-top-section elementor-element elementor-element-e45a86e elementor-section-boxed elementor-section-height-default elementor-section-height-default\" data-id=\"e45a86e\" data-element_type=\"section\" data-settings=\"{&quot;background_background&quot;:&quot;classic&quot;}\">\n\t\t\t\t\t\t<div class=\"elementor-container elementor-column-gap-default\">\n\t\t\t\t\t<div class=\"elementor-column elementor-col-100 elementor-top-column elementor-element elementor-element-9aa86cb\" data-id=\"9aa86cb\" data-element_type=\"column\">\n\t\t\t<div class=\"elementor-widget-wrap elementor-element-populated\">\n\t\t\t\t\t\t<div class=\"elementor-element elementor-element-967b468 elementor-widget elementor-widget-spacer\" data-id=\"967b468\" data-element_type=\"widget\" data-widget_type=\"spacer.default\">\n\t\t\t\t<div class=\"elementor-widget-container\">\n\t\t\t\t\t\t\t<div class=\"elementor-spacer\">\n\t\t\t<div class=\"elementor-spacer-inner\"><\/div>\n\t\t<\/div>\n\t\t\t\t\t\t<\/div>\n\t\t\t\t<\/div>\n\t\t\t\t<div class=\"elementor-element elementor-element-2a2657e elementor-widget elementor-widget-heading\" data-id=\"2a2657e\" data-element_type=\"widget\" data-widget_type=\"heading.default\">\n\t\t\t\t<div class=\"elementor-widget-container\">\n\t\t\t\t\t<h1 class=\"elementor-heading-title elementor-size-default\">Servicios de desastres \/ Aseguradores<\/h1>\t\t\t\t<\/div>\n\t\t\t\t<\/div>\n\t\t\t\t<div class=\"elementor-element elementor-element-44b0e9f elementor-widget elementor-widget-spacer\" data-id=\"44b0e9f\" data-element_type=\"widget\" data-widget_type=\"spacer.default\">\n\t\t\t\t<div class=\"elementor-widget-container\">\n\t\t\t\t\t\t\t<div class=\"elementor-spacer\">\n\t\t\t<div class=\"elementor-spacer-inner\"><\/div>\n\t\t<\/div>\n\t\t\t\t\t\t<\/div>\n\t\t\t\t<\/div>\n\t\t\t\t\t<\/div>\n\t\t<\/div>\n\t\t\t\t\t<\/div>\n\t\t<\/section>\n\t\t\t\t<section data-particle_enable=\"false\" data-particle-mobile-disabled=\"false\" class=\"elementor-section elementor-top-section elementor-element elementor-element-fcbb0f3 elementor-section-boxed elementor-section-height-default elementor-section-height-default\" data-id=\"fcbb0f3\" data-element_type=\"section\" data-settings=\"{&quot;background_background&quot;:&quot;classic&quot;}\">\n\t\t\t\t\t\t<div class=\"elementor-container elementor-column-gap-default\">\n\t\t\t\t\t<div class=\"elementor-column elementor-col-33 elementor-top-column elementor-element elementor-element-d2afdd9\" data-id=\"d2afdd9\" data-element_type=\"column\">\n\t\t\t<div class=\"elementor-widget-wrap elementor-element-populated\">\n\t\t\t\t\t\t<div class=\"elementor-element elementor-element-d500d7f elementor-widget elementor-widget-image\" data-id=\"d500d7f\" data-element_type=\"widget\" data-widget_type=\"image.default\">\n\t\t\t\t<div class=\"elementor-widget-container\">\n\t\t\t\t\t\t\t\t\t\t\t\t\t\t\t<img fetchpriority=\"high\" decoding=\"async\" width=\"475\" height=\"375\" src=\"https:\/\/arrowlocation.com\/wp-content\/uploads\/2021\/04\/Perso_Assureurs_jonathan_475x375.png\" class=\"attachment-full size-full wp-image-1156\" alt=\"\" srcset=\"https:\/\/arrowlocation.com\/wp-content\/uploads\/2021\/04\/Perso_Assureurs_jonathan_475x375.png 475w, https:\/\/arrowlocation.com\/wp-content\/uploads\/2021\/04\/Perso_Assureurs_jonathan_475x375-300x237.png 300w, https:\/\/arrowlocation.com\/wp-content\/uploads\/2021\/04\/Perso_Assureurs_jonathan_475x375-15x12.png 15w\" sizes=\"(max-width: 475px) 100vw, 475px\" \/>\t\t\t\t\t\t\t\t\t\t\t\t\t\t\t<\/div>\n\t\t\t\t<\/div>\n\t\t\t\t\t<\/div>\n\t\t<\/div>\n\t\t\t\t<div class=\"elementor-column elementor-col-66 elementor-top-column elementor-element elementor-element-5e7ae40\" data-id=\"5e7ae40\" data-element_type=\"column\">\n\t\t\t<div class=\"elementor-widget-wrap elementor-element-populated\">\n\t\t\t\t\t\t<div class=\"elementor-element elementor-element-a1a0fee elementor-widget elementor-widget-heading\" data-id=\"a1a0fee\" data-element_type=\"widget\" data-widget_type=\"heading.default\">\n\t\t\t\t<div class=\"elementor-widget-container\">\n\t\t\t\t\t<h2 class=\"elementor-heading-title elementor-size-default\">Jonathan<\/h2>\t\t\t\t<\/div>\n\t\t\t\t<\/div>\n\t\t\t\t<div class=\"elementor-element elementor-element-a8ce1aa elementor-widget elementor-widget-heading\" data-id=\"a8ce1aa\" data-element_type=\"widget\" data-widget_type=\"heading.default\">\n\t\t\t\t<div class=\"elementor-widget-container\">\n\t\t\t\t\t<h4 class=\"elementor-heading-title elementor-size-default\">EXPERTO EN RECLAMACIONES<\/h4>\t\t\t\t<\/div>\n\t\t\t\t<\/div>\n\t\t\t\t<div class=\"elementor-element elementor-element-b57f637 elementor-widget elementor-widget-text-editor\" data-id=\"b57f637\" data-element_type=\"widget\" data-widget_type=\"text-editor.default\">\n\t\t\t\t<div class=\"elementor-widget-container\">\n\t\t\t\t\t\t\t\t\t<p>Como ajustador de reclamos, Jonathan se esfuerza por anticipar las necesidades de sus clientes. Estos asegurados a menudo est\u00e1n angustiados despu\u00e9s de haberlo perdido todo. Necesitan a alguien que los apoye durante el proceso de reubicaci\u00f3n, que puede ser desalentador para los novatos, especialmente porque el nuevo hogar debe encontrarse muy r\u00e1pido. \u00bfQue hacer? Ay\u00fadalos a encontrar una soluci\u00f3n de alojamiento temporal c\u00f3moda y totalmente equipada para quedarse. <strong>Arrow es la soluci\u00f3n de alquiler temporal ideal.<\/strong><\/p>\t\t\t\t\t\t\t\t<\/div>\n\t\t\t\t<\/div>\n\t\t\t\t\t<\/div>\n\t\t<\/div>\n\t\t\t\t\t<\/div>\n\t\t<\/section>\n\t\t\t\t<section data-particle_enable=\"false\" data-particle-mobile-disabled=\"false\" class=\"elementor-section elementor-top-section elementor-element elementor-element-976722f elementor-section-boxed elementor-section-height-default elementor-section-height-default\" data-id=\"976722f\" data-element_type=\"section\" data-settings=\"{&quot;background_background&quot;:&quot;classic&quot;}\">\n\t\t\t\t\t\t<div class=\"elementor-container elementor-column-gap-default\">\n\t\t\t\t\t<div class=\"elementor-column elementor-col-100 elementor-top-column elementor-element elementor-element-72f4542\" data-id=\"72f4542\" data-element_type=\"column\">\n\t\t\t<div class=\"elementor-widget-wrap elementor-element-populated\">\n\t\t\t\t\t\t<div class=\"elementor-element elementor-element-b497fca elementor-widget elementor-widget-heading\" data-id=\"b497fca\" data-element_type=\"widget\" data-widget_type=\"heading.default\">\n\t\t\t\t<div class=\"elementor-widget-container\">\n\t\t\t\t\t<h3 class=\"elementor-heading-title elementor-size-default\">Comparar los\nbeneficios de  Arrow<\/h3>\t\t\t\t<\/div>\n\t\t\t\t<\/div>\n\t\t\t\t\t<\/div>\n\t\t<\/div>\n\t\t\t\t\t<\/div>\n\t\t<\/section>\n\t\t\t\t<section data-particle_enable=\"false\" data-particle-mobile-disabled=\"false\" class=\"elementor-section elementor-top-section elementor-element elementor-element-1b9f31e elementor-section-boxed elementor-section-height-default elementor-section-height-default\" data-id=\"1b9f31e\" data-element_type=\"section\" data-settings=\"{&quot;background_background&quot;:&quot;classic&quot;}\">\n\t\t\t\t\t\t<div class=\"elementor-container elementor-column-gap-default\">\n\t\t\t\t\t<div class=\"elementor-column elementor-col-33 elementor-top-column elementor-element elementor-element-090cf89\" data-id=\"090cf89\" data-element_type=\"column\">\n\t\t\t<div class=\"elementor-widget-wrap elementor-element-populated\">\n\t\t\t\t\t\t<div class=\"elementor-element elementor-element-c3a3f61 eael-pricing-content-align-left eael-pricing-button-align-center elementor-widget elementor-widget-eael-pricing-table\" data-id=\"c3a3f61\" data-element_type=\"widget\" data-widget_type=\"eael-pricing-table.default\">\n\t\t\t\t<div class=\"elementor-widget-container\">\n\t\t\t\t\t                    <div class=\"eael-pricing style-1 eael-header-devider\">\n                <div class=\"eael-pricing-item\">\n                    <div class=\"header\">\n                        <h2 class=\"title\">Flecha<\/h2>\n                    <\/div>\n                    <div class=\"eael-pricing-tag\">\n                        <span class=\"price-tag\"><span class=\"original-price\"><span class=\"price-currency\"><\/span>Desde $65 \/ d\u00eda<\/span><\/span><span class=\"price-period\"><\/span>                    <\/div>\n                    <div class=\"body\">\n                                <ul>\n                            <li class=\"eael-pricing-item-feature elementor-repeater-item-c47b556\">\n                    \n                    \n                    <span >Unidades uniformes<\/span>\n                    \n                     \n                <\/li>\n                            <li class=\"eael-pricing-item-feature elementor-repeater-item-14b0d51\">\n                    \n                    \n                    <span >Est\u00e1ndares de alta calidad<\/span>\n                    \n                     \n                <\/li>\n                            <li class=\"eael-pricing-item-feature elementor-repeater-item-6d15f77\">\n                    \n                    \n                    <span >Servicios completos<\/span>\n                    \n                     \n                <\/li>\n                            <li class=\"eael-pricing-item-feature elementor-repeater-item-be86038\">\n                    \n                    \n                    <span >Accesorios y equipos completos.<\/span>\n                    \n                     \n                <\/li>\n                            <li class=\"eael-pricing-item-feature elementor-repeater-item-307e1bc\">\n                    \n                    \n                    <span >Gesti\u00f3n por una corporaci\u00f3n, centrada en el servicio al cliente<\/span>\n                    \n                     \n                <\/li>\n                            <li class=\"eael-pricing-item-feature elementor-repeater-item-c777099\">\n                    \n                    \n                    <span >Gimnasio, piscina, barbacoa urbana, golf virtual ++<\/span>\n                    \n                     \n                <\/li>\n                            <li class=\"eael-pricing-item-feature elementor-repeater-item-13bc244\">\n                    \n                    \n                    <span >Volumen de ocupaci\u00f3n moderado<\/span>\n                    \n                     \n                <\/li>\n                    <\/ul>\n                        <\/div>\n\t                                <\/div>\n            <\/div>\n                    \t\t\t\t<\/div>\n\t\t\t\t<\/div>\n\t\t\t\t\t<\/div>\n\t\t<\/div>\n\t\t\t\t<div class=\"elementor-column elementor-col-33 elementor-top-column elementor-element elementor-element-06c9c29\" data-id=\"06c9c29\" data-element_type=\"column\">\n\t\t\t<div class=\"elementor-widget-wrap elementor-element-populated\">\n\t\t\t\t\t\t<div class=\"elementor-element elementor-element-e3336f6 eael-pricing-content-align-left eael-pricing-button-align-center elementor-widget elementor-widget-eael-pricing-table\" data-id=\"e3336f6\" data-element_type=\"widget\" data-widget_type=\"eael-pricing-table.default\">\n\t\t\t\t<div class=\"elementor-widget-container\">\n\t\t\t\t\t                    <div class=\"eael-pricing style-1 eael-header-devider\">\n                <div class=\"eael-pricing-item\">\n                    <div class=\"header\">\n                        <h2 class=\"title\">Anuncios clasificados<\/h2>\n                    <\/div>\n                    <div class=\"eael-pricing-tag\">\n                        <span class=\"price-tag\"><span class=\"original-price\"><span class=\"price-currency\"><\/span>Desde 75$ \/ jour<\/span><\/span><span class=\"price-period\"><\/span>                    <\/div>\n                    <div class=\"body\">\n                                <ul>\n                            <li class=\"eael-pricing-item-feature elementor-repeater-item-c47b556\">\n                    \n                    \n                    <span >Unidades no uniformes<\/span>\n                    \n                     \n                <\/li>\n                            <li class=\"eael-pricing-item-feature elementor-repeater-item-14b0d51\">\n                    \n                    \n                    <span >Est\u00e1ndares de calidad inexistentes o variables<\/span>\n                    \n                     \n                <\/li>\n                            <li class=\"eael-pricing-item-feature elementor-repeater-item-42d84f8\">\n                    \n                    \n                    <span >Servicios limitados<\/span>\n                    \n                     \n                <\/li>\n                            <li class=\"eael-pricing-item-feature elementor-repeater-item-5e51d3f\">\n                    \n                    \n                    <span >Accesorios y equipos inexistentes o inadecuados<\/span>\n                    \n                     \n                <\/li>\n                            <li class=\"eael-pricing-item-feature elementor-repeater-item-06a08b1\">\n                    \n                    \n                    <span >Gesti\u00f3n por parte de un individuo, centrada en el beneficio<\/span>\n                    \n                     \n                <\/li>\n                            <li class=\"eael-pricing-item-feature elementor-repeater-item-bacc5ef\">\n                    \n                    \n                    <span >Ninguna o muy pocas inclusiones<\/span>\n                    \n                     \n                <\/li>\n                            <li class=\"eael-pricing-item-feature elementor-repeater-item-c499e35\">\n                    \n                    \n                    <span >Volumen de ocupaci\u00f3n variable<\/span>\n                    \n                     \n                <\/li>\n                    <\/ul>\n                        <\/div>\n\t                                <\/div>\n            <\/div>\n                    \t\t\t\t<\/div>\n\t\t\t\t<\/div>\n\t\t\t\t\t<\/div>\n\t\t<\/div>\n\t\t\t\t<div class=\"elementor-column elementor-col-33 elementor-top-column elementor-element elementor-element-d297f98\" data-id=\"d297f98\" data-element_type=\"column\">\n\t\t\t<div class=\"elementor-widget-wrap elementor-element-populated\">\n\t\t\t\t\t\t<div class=\"elementor-element elementor-element-2fd864c eael-pricing-content-align-left eael-pricing-button-align-center elementor-widget elementor-widget-eael-pricing-table\" data-id=\"2fd864c\" data-element_type=\"widget\" data-widget_type=\"eael-pricing-table.default\">\n\t\t\t\t<div class=\"elementor-widget-container\">\n\t\t\t\t\t                    <div class=\"eael-pricing style-1 eael-header-devider\">\n                <div class=\"eael-pricing-item\">\n                    <div class=\"header\">\n                        <h2 class=\"title\">Hotel<\/h2>\n                    <\/div>\n                    <div class=\"eael-pricing-tag\">\n                        <span class=\"price-tag\"><span class=\"original-price\"><span class=\"price-currency\"><\/span>Desde 125$ \/ jour<\/span><\/span><span class=\"price-period\"><\/span>                    <\/div>\n                    <div class=\"body\">\n                                <ul>\n                            <li class=\"eael-pricing-item-feature elementor-repeater-item-c47b556\">\n                    \n                    \n                    <span >Unidades uniformes<\/span>\n                    \n                     \n                <\/li>\n                            <li class=\"eael-pricing-item-feature elementor-repeater-item-14b0d51\">\n                    \n                    \n                    <span >Est\u00e1ndares de calidad variables<\/span>\n                    \n                     \n                <\/li>\n                            <li class=\"eael-pricing-item-feature elementor-repeater-item-42d84f8\">\n                    \n                    \n                    <span >Servicios completos<\/span>\n                    \n                     \n                <\/li>\n                            <li class=\"eael-pricing-item-feature elementor-repeater-item-5e51d3f\">\n                    \n                    \n                    <span >Accesorios y equipos limitados<\/span>\n                    \n                     \n                <\/li>\n                            <li class=\"eael-pricing-item-feature elementor-repeater-item-06a08b1\">\n                    \n                    \n                    <span >Gesti\u00f3n por parte de un individuo, centrada en el beneficio<\/span>\n                    \n                     \n                <\/li>\n                            <li class=\"eael-pricing-item-feature elementor-repeater-item-bacc5ef\">\n                    \n                    \n                    <span >Gimnasio, piscina y lobby<\/span>\n                    \n                     \n                <\/li>\n                            <li class=\"eael-pricing-item-feature elementor-repeater-item-c499e35\">\n                    \n                    \n                    <span >Alto volumen de ocupaci\u00f3n<\/span>\n                    \n                     \n                <\/li>\n                    <\/ul>\n                        <\/div>\n\t                                <\/div>\n            <\/div>\n                    \t\t\t\t<\/div>\n\t\t\t\t<\/div>\n\t\t\t\t\t<\/div>\n\t\t<\/div>\n\t\t\t\t\t<\/div>\n\t\t<\/section>\n\t\t\t\t<section data-particle_enable=\"false\" data-particle-mobile-disabled=\"false\" class=\"elementor-section elementor-top-section elementor-element elementor-element-223d7e9 elementor-section-boxed elementor-section-height-default elementor-section-height-default\" data-id=\"223d7e9\" data-element_type=\"section\" data-settings=\"{&quot;background_background&quot;:&quot;classic&quot;}\">\n\t\t\t\t\t\t<div class=\"elementor-container elementor-column-gap-default\">\n\t\t\t\t\t<div class=\"elementor-column elementor-col-100 elementor-top-column elementor-element elementor-element-ba77226\" data-id=\"ba77226\" data-element_type=\"column\">\n\t\t\t<div class=\"elementor-widget-wrap elementor-element-populated\">\n\t\t\t\t\t\t<div class=\"elementor-element elementor-element-1056ff1 elementor-widget elementor-widget-spacer\" data-id=\"1056ff1\" data-element_type=\"widget\" data-widget_type=\"spacer.default\">\n\t\t\t\t<div class=\"elementor-widget-container\">\n\t\t\t\t\t\t\t<div class=\"elementor-spacer\">\n\t\t\t<div class=\"elementor-spacer-inner\"><\/div>\n\t\t<\/div>\n\t\t\t\t\t\t<\/div>\n\t\t\t\t<\/div>\n\t\t\t\t<div class=\"elementor-element elementor-element-c6983ad elementor-widget elementor-widget-heading\" data-id=\"c6983ad\" data-element_type=\"widget\" data-widget_type=\"heading.default\">\n\t\t\t\t<div class=\"elementor-widget-container\">\n\t\t\t\t\t<h3 class=\"elementor-heading-title elementor-size-default\">Encontrar un hogar<\/h3>\t\t\t\t<\/div>\n\t\t\t\t<\/div>\n\t\t\t\t\t<\/div>\n\t\t<\/div>\n\t\t\t\t\t<\/div>\n\t\t<\/section>\n\t\t\t\t<section data-particle_enable=\"false\" data-particle-mobile-disabled=\"false\" class=\"elementor-section elementor-top-section elementor-element elementor-element-1213137 elementor-section-boxed elementor-section-height-default elementor-section-height-default\" data-id=\"1213137\" data-element_type=\"section\" data-settings=\"{&quot;background_background&quot;:&quot;classic&quot;}\">\n\t\t\t\t\t\t<div class=\"elementor-container elementor-column-gap-default\">\n\t\t\t\t\t<div class=\"elementor-column elementor-col-50 elementor-top-column elementor-element elementor-element-cb83196\" data-id=\"cb83196\" data-element_type=\"column\">\n\t\t\t<div class=\"elementor-widget-wrap elementor-element-populated\">\n\t\t\t\t\t\t<div class=\"elementor-element elementor-element-d36f341 elementor-widget elementor-widget-image\" data-id=\"d36f341\" data-element_type=\"widget\" data-widget_type=\"image.default\">\n\t\t\t\t<div class=\"elementor-widget-container\">\n\t\t\t\t\t\t\t\t\t\t\t\t\t\t\t\t<a href=\"http:\/\/arrowlocation.com\/es\/recherche\/?location%5B%5D=appartements-condos-maisons-a-louer-montreal&#038;bedrooms=\">\n\t\t\t\t\t\t\t<img decoding=\"async\" width=\"1000\" height=\"507\" src=\"https:\/\/arrowlocation.com\/wp-content\/uploads\/2021\/06\/MicrosoftTeams-image-30.jpg\" class=\"elementor-animation-grow attachment-large size-large wp-image-7449\" alt=\"\" srcset=\"https:\/\/arrowlocation.com\/wp-content\/uploads\/2021\/06\/MicrosoftTeams-image-30.jpg 1000w, https:\/\/arrowlocation.com\/wp-content\/uploads\/2021\/06\/MicrosoftTeams-image-30-300x152.jpg 300w, https:\/\/arrowlocation.com\/wp-content\/uploads\/2021\/06\/MicrosoftTeams-image-30-768x389.jpg 768w, https:\/\/arrowlocation.com\/wp-content\/uploads\/2021\/06\/MicrosoftTeams-image-30-18x9.jpg 18w, https:\/\/arrowlocation.com\/wp-content\/uploads\/2021\/06\/MicrosoftTeams-image-30-496x251.jpg 496w\" sizes=\"(max-width: 1000px) 100vw, 1000px\" \/>\t\t\t\t\t\t\t\t<\/a>\n\t\t\t\t\t\t\t\t\t\t\t\t\t\t\t<\/div>\n\t\t\t\t<\/div>\n\t\t\t\t\t<\/div>\n\t\t<\/div>\n\t\t\t\t<div class=\"elementor-column elementor-col-50 elementor-top-column elementor-element elementor-element-0edb7c2\" data-id=\"0edb7c2\" data-element_type=\"column\">\n\t\t\t<div class=\"elementor-widget-wrap elementor-element-populated\">\n\t\t\t\t\t\t<div class=\"elementor-element elementor-element-9fce3e8 elementor-widget elementor-widget-image\" data-id=\"9fce3e8\" data-element_type=\"widget\" data-widget_type=\"image.default\">\n\t\t\t\t<div class=\"elementor-widget-container\">\n\t\t\t\t\t\t\t\t\t\t\t\t\t\t\t\t<a href=\"http:\/\/arrowlocation.com\/es\/recherche\/?location%5B%5D=appartements-condos-maisons-a-louer-quebec&#038;bedrooms=\">\n\t\t\t\t\t\t\t<img decoding=\"async\" width=\"1000\" height=\"507\" src=\"https:\/\/arrowlocation.com\/wp-content\/uploads\/2021\/06\/MicrosoftTeams-image-29.jpg\" class=\"elementor-animation-grow attachment-large size-large wp-image-7450\" alt=\"\" srcset=\"https:\/\/arrowlocation.com\/wp-content\/uploads\/2021\/06\/MicrosoftTeams-image-29.jpg 1000w, https:\/\/arrowlocation.com\/wp-content\/uploads\/2021\/06\/MicrosoftTeams-image-29-300x152.jpg 300w, https:\/\/arrowlocation.com\/wp-content\/uploads\/2021\/06\/MicrosoftTeams-image-29-768x389.jpg 768w, https:\/\/arrowlocation.com\/wp-content\/uploads\/2021\/06\/MicrosoftTeams-image-29-18x9.jpg 18w, https:\/\/arrowlocation.com\/wp-content\/uploads\/2021\/06\/MicrosoftTeams-image-29-496x251.jpg 496w\" sizes=\"(max-width: 1000px) 100vw, 1000px\" \/>\t\t\t\t\t\t\t\t<\/a>\n\t\t\t\t\t\t\t\t\t\t\t\t\t\t\t<\/div>\n\t\t\t\t<\/div>\n\t\t\t\t\t<\/div>\n\t\t<\/div>\n\t\t\t\t\t<\/div>\n\t\t<\/section>\n\t\t\t\t<section data-particle_enable=\"false\" data-particle-mobile-disabled=\"false\" class=\"elementor-section elementor-top-section elementor-element elementor-element-15465fe elementor-section-boxed elementor-section-height-default elementor-section-height-default\" data-id=\"15465fe\" data-element_type=\"section\" data-settings=\"{&quot;background_background&quot;:&quot;classic&quot;}\">\n\t\t\t\t\t\t<div class=\"elementor-container elementor-column-gap-default\">\n\t\t\t\t\t<div class=\"elementor-column elementor-col-100 elementor-top-column elementor-element elementor-element-a654cd9\" data-id=\"a654cd9\" data-element_type=\"column\">\n\t\t\t<div class=\"elementor-widget-wrap elementor-element-populated\">\n\t\t\t\t\t\t<div class=\"elementor-element elementor-element-dd3c50d elementor-align-center elementor-widget elementor-widget-button\" data-id=\"dd3c50d\" data-element_type=\"widget\" data-widget_type=\"button.default\">\n\t\t\t\t<div class=\"elementor-widget-container\">\n\t\t\t\t\t\t\t\t\t<div class=\"elementor-button-wrapper\">\n\t\t\t\t\t<a class=\"elementor-button elementor-button-link elementor-size-md\" href=\"http:\/\/arrowlocation.com\/es\/nous-joindre\/\">\n\t\t\t\t\t\t<span class=\"elementor-button-content-wrapper\">\n\t\t\t\t\t\t\t\t\t<span class=\"elementor-button-text\">Tomar cita<\/span>\n\t\t\t\t\t<\/span>\n\t\t\t\t\t<\/a>\n\t\t\t\t<\/div>\n\t\t\t\t\t\t\t\t<\/div>\n\t\t\t\t<\/div>\n\t\t\t\t\t<\/div>\n\t\t<\/div>\n\t\t\t\t\t<\/div>\n\t\t<\/section>\n\t\t\t\t<section data-particle_enable=\"false\" data-particle-mobile-disabled=\"false\" class=\"elementor-section elementor-top-section elementor-element elementor-element-dec3c58 elementor-section-boxed elementor-section-height-default elementor-section-height-default\" data-id=\"dec3c58\" data-element_type=\"section\" data-settings=\"{&quot;background_background&quot;:&quot;classic&quot;}\">\n\t\t\t\t\t\t<div class=\"elementor-container elementor-column-gap-default\">\n\t\t\t\t\t<div class=\"elementor-column elementor-col-100 elementor-top-column elementor-element elementor-element-8019fed\" data-id=\"8019fed\" data-element_type=\"column\">\n\t\t\t<div class=\"elementor-widget-wrap elementor-element-populated\">\n\t\t\t\t\t\t<div class=\"elementor-element elementor-element-be240dc elementor-widget elementor-widget-spacer\" data-id=\"be240dc\" data-element_type=\"widget\" data-widget_type=\"spacer.default\">\n\t\t\t\t<div class=\"elementor-widget-container\">\n\t\t\t\t\t\t\t<div class=\"elementor-spacer\">\n\t\t\t<div class=\"elementor-spacer-inner\"><\/div>\n\t\t<\/div>\n\t\t\t\t\t\t<\/div>\n\t\t\t\t<\/div>\n\t\t\t\t\t<\/div>\n\t\t<\/div>\n\t\t\t\t\t<\/div>\n\t\t<\/section>\n\t\t\t\t<\/div>","protected":false},"excerpt":{"rendered":"<p>Servicios para reclamantes \/ aseguradoras Jonathan EXPERTO EN RECLAMACIONES Como perito de siniestros, Jonathan tiene el deber de satisfacer las necesidades de sus clientes. Estos asegurados suelen estar angustiados tras haberlo perdido todo. Necesitan a alguien que les apoye en el proceso de traslado, que puede resultar desalentador para algunas personas.<\/p>","protected":false},"author":21,"featured_media":0,"parent":0,"menu_order":0,"comment_status":"closed","ping_status":"closed","template":"elementor_header_footer","meta":{"content-type":"","footnotes":""},"class_list":["post-1151","page","type-page","status-publish","hentry"],"_links":{"self":[{"href":"https:\/\/arrowlocation.com\/es\/wp-json\/wp\/v2\/pages\/1151","targetHints":{"allow":["GET"]}}],"collection":[{"href":"https:\/\/arrowlocation.com\/es\/wp-json\/wp\/v2\/pages"}],"about":[{"href":"https:\/\/arrowlocation.com\/es\/wp-json\/wp\/v2\/types\/page"}],"author":[{"embeddable":true,"href":"https:\/\/arrowlocation.com\/es\/wp-json\/wp\/v2\/users\/21"}],"replies":[{"embeddable":true,"href":"https:\/\/arrowlocation.com\/es\/wp-json\/wp\/v2\/comments?post=1151"}],"version-history":[{"count":0,"href":"https:\/\/arrowlocation.com\/es\/wp-json\/wp\/v2\/pages\/1151\/revisions"}],"wp:attachment":[{"href":"https:\/\/arrowlocation.com\/es\/wp-json\/wp\/v2\/media?parent=1151"}],"curies":[{"name":"wp","href":"https:\/\/api.w.org\/{rel}","templated":true}]}}