{"id":2523,"date":"2021-05-17T14:20:49","date_gmt":"2021-05-17T18:20:49","guid":{"rendered":"https:\/\/nouveau.arrowlocation.com\/?page_id=2523"},"modified":"2021-07-05T08:32:00","modified_gmt":"2021-07-05T12:32:00","slug":"sale-of-property","status":"publish","type":"page","link":"https:\/\/arrowlocation.com\/es\/sale-of-property\/","title":{"rendered":"Sale of property"},"content":{"rendered":"<div data-elementor-type=\"wp-page\" data-elementor-id=\"2523\" class=\"elementor elementor-2523\" data-elementor-post-type=\"page\">\n\t\t\t\t\t\t<section data-particle_enable=\"false\" data-particle-mobile-disabled=\"false\" class=\"elementor-section elementor-top-section elementor-element elementor-element-3c616fd elementor-section-boxed elementor-section-height-default elementor-section-height-default\" data-id=\"3c616fd\" data-element_type=\"section\" data-settings=\"{&quot;background_background&quot;:&quot;classic&quot;}\">\n\t\t\t\t\t\t<div class=\"elementor-container elementor-column-gap-default\">\n\t\t\t\t\t<div class=\"elementor-column elementor-col-100 elementor-top-column elementor-element elementor-element-8f2fcbb\" data-id=\"8f2fcbb\" data-element_type=\"column\">\n\t\t\t<div class=\"elementor-widget-wrap elementor-element-populated\">\n\t\t\t\t\t\t<div class=\"elementor-element elementor-element-80c11f2 elementor-widget elementor-widget-spacer\" data-id=\"80c11f2\" data-element_type=\"widget\" data-widget_type=\"spacer.default\">\n\t\t\t\t<div class=\"elementor-widget-container\">\n\t\t\t\t\t\t\t<div class=\"elementor-spacer\">\n\t\t\t<div class=\"elementor-spacer-inner\"><\/div>\n\t\t<\/div>\n\t\t\t\t\t\t<\/div>\n\t\t\t\t<\/div>\n\t\t\t\t<div class=\"elementor-element elementor-element-c44916d elementor-widget elementor-widget-heading\" data-id=\"c44916d\" data-element_type=\"widget\" data-widget_type=\"heading.default\">\n\t\t\t\t<div class=\"elementor-widget-container\">\n\t\t\t\t\t<h1 class=\"elementor-heading-title elementor-size-default\">Particulares<\/h1>\t\t\t\t<\/div>\n\t\t\t\t<\/div>\n\t\t\t\t<div class=\"elementor-element elementor-element-4de84d4 elementor-widget elementor-widget-spacer\" data-id=\"4de84d4\" data-element_type=\"widget\" data-widget_type=\"spacer.default\">\n\t\t\t\t<div class=\"elementor-widget-container\">\n\t\t\t\t\t\t\t<div class=\"elementor-spacer\">\n\t\t\t<div class=\"elementor-spacer-inner\"><\/div>\n\t\t<\/div>\n\t\t\t\t\t\t<\/div>\n\t\t\t\t<\/div>\n\t\t\t\t\t<\/div>\n\t\t<\/div>\n\t\t\t\t\t<\/div>\n\t\t<\/section>\n\t\t\t\t<section data-particle_enable=\"false\" data-particle-mobile-disabled=\"false\" class=\"elementor-section elementor-top-section elementor-element elementor-element-c645c22 elementor-section-boxed elementor-section-height-default elementor-section-height-default\" data-id=\"c645c22\" data-element_type=\"section\" data-settings=\"{&quot;background_background&quot;:&quot;classic&quot;}\">\n\t\t\t\t\t\t<div class=\"elementor-container elementor-column-gap-default\">\n\t\t\t\t\t<div class=\"elementor-column elementor-col-33 elementor-top-column elementor-element elementor-element-53df450\" data-id=\"53df450\" data-element_type=\"column\">\n\t\t\t<div class=\"elementor-widget-wrap elementor-element-populated\">\n\t\t\t\t\t\t<div class=\"elementor-element elementor-element-b938774 elementor-widget elementor-widget-image\" data-id=\"b938774\" data-element_type=\"widget\" data-widget_type=\"image.default\">\n\t\t\t\t<div class=\"elementor-widget-container\">\n\t\t\t\t\t\t\t\t\t\t\t\t\t\t\t<img fetchpriority=\"high\" decoding=\"async\" width=\"475\" height=\"375\" src=\"https:\/\/arrowlocation.com\/wp-content\/uploads\/2021\/04\/Perso_Particulier_MyleneAshley_475x375.png\" class=\"attachment-large size-large wp-image-931\" alt=\"\" srcset=\"https:\/\/arrowlocation.com\/wp-content\/uploads\/2021\/04\/Perso_Particulier_MyleneAshley_475x375.png 475w, https:\/\/arrowlocation.com\/wp-content\/uploads\/2021\/04\/Perso_Particulier_MyleneAshley_475x375-300x237.png 300w, https:\/\/arrowlocation.com\/wp-content\/uploads\/2021\/04\/Perso_Particulier_MyleneAshley_475x375-15x12.png 15w\" sizes=\"(max-width: 475px) 100vw, 475px\" \/>\t\t\t\t\t\t\t\t\t\t\t\t\t\t\t<\/div>\n\t\t\t\t<\/div>\n\t\t\t\t\t<\/div>\n\t\t<\/div>\n\t\t\t\t<div class=\"elementor-column elementor-col-66 elementor-top-column elementor-element elementor-element-4ff853b\" data-id=\"4ff853b\" data-element_type=\"column\">\n\t\t\t<div class=\"elementor-widget-wrap elementor-element-populated\">\n\t\t\t\t\t\t<div class=\"elementor-element elementor-element-5ed952e elementor-widget elementor-widget-heading\" data-id=\"5ed952e\" data-element_type=\"widget\" data-widget_type=\"heading.default\">\n\t\t\t\t<div class=\"elementor-widget-container\">\n\t\t\t\t\t<h2 class=\"elementor-heading-title elementor-size-default\">Mary y Ashley<\/h2>\t\t\t\t<\/div>\n\t\t\t\t<\/div>\n\t\t\t\t<div class=\"elementor-element elementor-element-92780cc elementor-widget elementor-widget-heading\" data-id=\"92780cc\" data-element_type=\"widget\" data-widget_type=\"heading.default\">\n\t\t\t\t<div class=\"elementor-widget-container\">\n\t\t\t\t\t<h4 class=\"elementor-heading-title elementor-size-default\">VENDIERON SU PROPIEDAD PERO...<\/h4>\t\t\t\t<\/div>\n\t\t\t\t<\/div>\n\t\t\t\t<div class=\"elementor-element elementor-element-ac49cd6 elementor-widget elementor-widget-text-editor\" data-id=\"ac49cd6\" data-element_type=\"widget\" data-widget_type=\"text-editor.default\">\n\t\t\t\t<div class=\"elementor-widget-container\">\n\t\t\t\t\t\t\t\t\t<p>Cuando decidieron poner su casa en venta, Mary y Ashley no ten\u00edan ni idea de que la transacci\u00f3n se producir\u00eda tan r\u00e1pidamente, antes incluso de haber encontrado la casa de sus sue\u00f1os. \u00bfQu\u00e9 pueden hacer ahora? Encontrar un lugar temporal donde quedarse, mientras buscan un nuevo hogar sin tener que instalarse. Entre las opciones que tienen, <strong>Arrow es la soluci\u00f3n de alquiler temporal perfecta.<\/strong><\/p>\t\t\t\t\t\t\t\t<\/div>\n\t\t\t\t<\/div>\n\t\t\t\t\t<\/div>\n\t\t<\/div>\n\t\t\t\t\t<\/div>\n\t\t<\/section>\n\t\t\t\t<section data-particle_enable=\"false\" data-particle-mobile-disabled=\"false\" class=\"elementor-section elementor-top-section elementor-element elementor-element-2228121 elementor-section-boxed elementor-section-height-default elementor-section-height-default\" data-id=\"2228121\" data-element_type=\"section\">\n\t\t\t\t\t\t<div class=\"elementor-container elementor-column-gap-default\">\n\t\t\t\t\t\t<\/div>\n\t\t<\/section>\n\t\t\t\t<section data-particle_enable=\"false\" data-particle-mobile-disabled=\"false\" class=\"elementor-section elementor-top-section elementor-element elementor-element-8482850 elementor-section-boxed elementor-section-height-default elementor-section-height-default\" data-id=\"8482850\" data-element_type=\"section\" data-settings=\"{&quot;background_background&quot;:&quot;classic&quot;}\">\n\t\t\t\t\t\t<div class=\"elementor-container elementor-column-gap-default\">\n\t\t\t\t\t<div class=\"elementor-column elementor-col-100 elementor-top-column elementor-element elementor-element-d1d558b\" data-id=\"d1d558b\" data-element_type=\"column\">\n\t\t\t<div class=\"elementor-widget-wrap elementor-element-populated\">\n\t\t\t\t\t\t<div class=\"elementor-element elementor-element-4f78423 elementor-widget elementor-widget-heading\" data-id=\"4f78423\" data-element_type=\"widget\" data-widget_type=\"heading.default\">\n\t\t\t\t<div class=\"elementor-widget-container\">\n\t\t\t\t\t<h3 class=\"elementor-heading-title elementor-size-default\">Comparar las ventajas de Arrow <\/h3>\t\t\t\t<\/div>\n\t\t\t\t<\/div>\n\t\t\t\t\t<\/div>\n\t\t<\/div>\n\t\t\t\t\t<\/div>\n\t\t<\/section>\n\t\t\t\t<section data-particle_enable=\"false\" data-particle-mobile-disabled=\"false\" class=\"elementor-section elementor-top-section elementor-element elementor-element-925726b elementor-section-boxed elementor-section-height-default elementor-section-height-default\" data-id=\"925726b\" data-element_type=\"section\" data-settings=\"{&quot;background_background&quot;:&quot;classic&quot;}\">\n\t\t\t\t\t\t<div class=\"elementor-container elementor-column-gap-default\">\n\t\t\t\t\t<div class=\"elementor-column elementor-col-33 elementor-top-column elementor-element elementor-element-4cfbdd5\" data-id=\"4cfbdd5\" data-element_type=\"column\">\n\t\t\t<div class=\"elementor-widget-wrap elementor-element-populated\">\n\t\t\t\t\t\t<div class=\"elementor-element elementor-element-8f30eca eael-pricing-content-align-left eael-pricing-button-align-center elementor-widget elementor-widget-eael-pricing-table\" data-id=\"8f30eca\" data-element_type=\"widget\" data-widget_type=\"eael-pricing-table.default\">\n\t\t\t\t<div class=\"elementor-widget-container\">\n\t\t\t\t\t                    <div class=\"eael-pricing style-1 eael-header-devider\">\n                <div class=\"eael-pricing-item\">\n                    <div class=\"header\">\n                        <h2 class=\"title\">Flecha<\/h2>\n                    <\/div>\n                    <div class=\"eael-pricing-tag\">\n                        <span class=\"price-tag\"><span class=\"original-price\"><span class=\"price-currency\"><\/span>A partir de $65 \/ d\u00eda<\/span><\/span><span class=\"price-period\"><\/span>                    <\/div>\n                    <div class=\"body\">\n                                <ul>\n                            <li class=\"eael-pricing-item-feature elementor-repeater-item-c47b556\">\n                    \n                    \n                    <span >Unidades uniformes<\/span>\n                    \n                     \n                <\/li>\n                            <li class=\"eael-pricing-item-feature elementor-repeater-item-14b0d51\">\n                    \n                    \n                    <span >Altos niveles de calidad<\/span>\n                    \n                     \n                <\/li>\n                            <li class=\"eael-pricing-item-feature elementor-repeater-item-6d15f77\">\n                    \n                    \n                    <span >Servicios completos<\/span>\n                    \n                     \n                <\/li>\n                            <li class=\"eael-pricing-item-feature elementor-repeater-item-be86038\">\n                    \n                    \n                    <span >Totalmente equipado<\/span>\n                    \n                     \n                <\/li>\n                            <li class=\"eael-pricing-item-feature elementor-repeater-item-307e1bc\">\n                    \n                    \n                    <span >Gesti\u00f3n por parte de una empresa \/ orientada al servicio al cliente<\/span>\n                    \n                     \n                <\/li>\n                            <li class=\"eael-pricing-item-feature elementor-repeater-item-c777099\">\n                    \n                    \n                    <span >Sala de fitness, piscina, barbacoa, golf virtual ++.<\/span>\n                    \n                     \n                <\/li>\n                            <li class=\"eael-pricing-item-feature elementor-repeater-item-13bc244\">\n                    \n                    \n                    <span >Volumen de ocupaci\u00f3n moderado<\/span>\n                    \n                     \n                <\/li>\n                    <\/ul>\n                        <\/div>\n\t                                <\/div>\n            <\/div>\n                    \t\t\t\t<\/div>\n\t\t\t\t<\/div>\n\t\t\t\t\t<\/div>\n\t\t<\/div>\n\t\t\t\t<div class=\"elementor-column elementor-col-33 elementor-top-column elementor-element elementor-element-2fec4dd\" data-id=\"2fec4dd\" data-element_type=\"column\">\n\t\t\t<div class=\"elementor-widget-wrap elementor-element-populated\">\n\t\t\t\t\t\t<div class=\"elementor-element elementor-element-daa09af eael-pricing-content-align-left eael-pricing-button-align-center elementor-widget elementor-widget-eael-pricing-table\" data-id=\"daa09af\" data-element_type=\"widget\" data-widget_type=\"eael-pricing-table.default\">\n\t\t\t\t<div class=\"elementor-widget-container\">\n\t\t\t\t\t                    <div class=\"eael-pricing style-1 eael-header-devider\">\n                <div class=\"eael-pricing-item\">\n                    <div class=\"header\">\n                        <h2 class=\"title\">Anuncios clasificados<\/h2>\n                    <\/div>\n                    <div class=\"eael-pricing-tag\">\n                        <span class=\"price-tag\"><span class=\"original-price\"><span class=\"price-currency\"><\/span>A partir de $75 \/ d\u00eda<\/span><\/span><span class=\"price-period\"><\/span>                    <\/div>\n                    <div class=\"body\">\n                                <ul>\n                            <li class=\"eael-pricing-item-feature elementor-repeater-item-c47b556\">\n                    \n                    \n                    <span >Unidades no uniformes<\/span>\n                    \n                     \n                <\/li>\n                            <li class=\"eael-pricing-item-feature elementor-repeater-item-14b0d51\">\n                    \n                    \n                    <span >Normas de calidad inexistentes o variables<\/span>\n                    \n                     \n                <\/li>\n                            <li class=\"eael-pricing-item-feature elementor-repeater-item-42d84f8\">\n                    \n                    \n                    <span >Servicios limitados<\/span>\n                    \n                     \n                <\/li>\n                            <li class=\"eael-pricing-item-feature elementor-repeater-item-5e51d3f\">\n                    \n                    \n                    <span >Equipamiento inexistente o inadecuado<\/span>\n                    \n                     \n                <\/li>\n                            <li class=\"eael-pricing-item-feature elementor-repeater-item-06a08b1\">\n                    \n                    \n                    <span >Gesti\u00f3n por un individuo \/ centrada en el beneficio <\/span>\n                    \n                     \n                <\/li>\n                            <li class=\"eael-pricing-item-feature elementor-repeater-item-bacc5ef\">\n                    \n                    \n                    <span >Ninguna o muy pocas inclusiones<\/span>\n                    \n                     \n                <\/li>\n                            <li class=\"eael-pricing-item-feature elementor-repeater-item-c499e35\">\n                    \n                    \n                    <span >Volumen de ocupaci\u00f3n variable<\/span>\n                    \n                     \n                <\/li>\n                    <\/ul>\n                        <\/div>\n\t                                <\/div>\n            <\/div>\n                    \t\t\t\t<\/div>\n\t\t\t\t<\/div>\n\t\t\t\t\t<\/div>\n\t\t<\/div>\n\t\t\t\t<div class=\"elementor-column elementor-col-33 elementor-top-column elementor-element elementor-element-0c4b67f\" data-id=\"0c4b67f\" data-element_type=\"column\">\n\t\t\t<div class=\"elementor-widget-wrap elementor-element-populated\">\n\t\t\t\t\t\t<div class=\"elementor-element elementor-element-462d472 eael-pricing-content-align-left eael-pricing-button-align-center elementor-widget elementor-widget-eael-pricing-table\" data-id=\"462d472\" data-element_type=\"widget\" data-widget_type=\"eael-pricing-table.default\">\n\t\t\t\t<div class=\"elementor-widget-container\">\n\t\t\t\t\t                    <div class=\"eael-pricing style-1 eael-header-devider\">\n                <div class=\"eael-pricing-item\">\n                    <div class=\"header\">\n                        <h2 class=\"title\">Hotel<\/h2>\n                    <\/div>\n                    <div class=\"eael-pricing-tag\">\n                        <span class=\"price-tag\"><span class=\"original-price\"><span class=\"price-currency\"><\/span>A partir de $125 \/ d\u00eda<\/span><\/span><span class=\"price-period\"><\/span>                    <\/div>\n                    <div class=\"body\">\n                                <ul>\n                            <li class=\"eael-pricing-item-feature elementor-repeater-item-c47b556\">\n                    \n                    \n                    <span >Unidades uniformes<\/span>\n                    \n                     \n                <\/li>\n                            <li class=\"eael-pricing-item-feature elementor-repeater-item-14b0d51\">\n                    \n                    \n                    <span >Normas de calidad variables<\/span>\n                    \n                     \n                <\/li>\n                            <li class=\"eael-pricing-item-feature elementor-repeater-item-42d84f8\">\n                    \n                    \n                    <span >Servicios completos<\/span>\n                    \n                     \n                <\/li>\n                            <li class=\"eael-pricing-item-feature elementor-repeater-item-5e51d3f\">\n                    \n                    \n                    <span >Equipamiento limitado<\/span>\n                    \n                     \n                <\/li>\n                            <li class=\"eael-pricing-item-feature elementor-repeater-item-06a08b1\">\n                    \n                    \n                    <span >Gesti\u00f3n por un individuo \/ centrada en el beneficio <\/span>\n                    \n                     \n                <\/li>\n                            <li class=\"eael-pricing-item-feature elementor-repeater-item-bacc5ef\">\n                    \n                    \n                    <span >Sala de fitness, piscina y vest\u00edbulo<\/span>\n                    \n                     \n                <\/li>\n                            <li class=\"eael-pricing-item-feature elementor-repeater-item-c499e35\">\n                    \n                    \n                    <span >Alto volumen de ocupaci\u00f3n<\/span>\n                    \n                     \n                <\/li>\n                    <\/ul>\n                        <\/div>\n\t                                <\/div>\n            <\/div>\n                    \t\t\t\t<\/div>\n\t\t\t\t<\/div>\n\t\t\t\t\t<\/div>\n\t\t<\/div>\n\t\t\t\t\t<\/div>\n\t\t<\/section>\n\t\t\t\t<section data-particle_enable=\"false\" data-particle-mobile-disabled=\"false\" class=\"elementor-section elementor-top-section elementor-element elementor-element-d10d9ef elementor-section-boxed elementor-section-height-default elementor-section-height-default\" data-id=\"d10d9ef\" data-element_type=\"section\" data-settings=\"{&quot;background_background&quot;:&quot;classic&quot;}\">\n\t\t\t\t\t\t<div class=\"elementor-container elementor-column-gap-default\">\n\t\t\t\t\t<div class=\"elementor-column elementor-col-100 elementor-top-column elementor-element elementor-element-cfa1348\" data-id=\"cfa1348\" data-element_type=\"column\">\n\t\t\t<div class=\"elementor-widget-wrap elementor-element-populated\">\n\t\t\t\t\t\t<div class=\"elementor-element elementor-element-93f5011 elementor-widget elementor-widget-spacer\" data-id=\"93f5011\" data-element_type=\"widget\" data-widget_type=\"spacer.default\">\n\t\t\t\t<div class=\"elementor-widget-container\">\n\t\t\t\t\t\t\t<div class=\"elementor-spacer\">\n\t\t\t<div class=\"elementor-spacer-inner\"><\/div>\n\t\t<\/div>\n\t\t\t\t\t\t<\/div>\n\t\t\t\t<\/div>\n\t\t\t\t<div class=\"elementor-element elementor-element-ab2c5be elementor-widget elementor-widget-heading\" data-id=\"ab2c5be\" data-element_type=\"widget\" data-widget_type=\"heading.default\">\n\t\t\t\t<div class=\"elementor-widget-container\">\n\t\t\t\t\t<h3 class=\"elementor-heading-title elementor-size-default\">Ver alquileres temporales en<\/h3>\t\t\t\t<\/div>\n\t\t\t\t<\/div>\n\t\t\t\t\t<\/div>\n\t\t<\/div>\n\t\t\t\t\t<\/div>\n\t\t<\/section>\n\t\t\t\t<section data-particle_enable=\"false\" data-particle-mobile-disabled=\"false\" class=\"elementor-section elementor-top-section elementor-element elementor-element-f4d449f elementor-section-boxed elementor-section-height-default elementor-section-height-default\" data-id=\"f4d449f\" data-element_type=\"section\" data-settings=\"{&quot;background_background&quot;:&quot;classic&quot;}\">\n\t\t\t\t\t\t<div class=\"elementor-container elementor-column-gap-default\">\n\t\t\t\t\t<div class=\"elementor-column elementor-col-50 elementor-top-column elementor-element elementor-element-ed91897\" data-id=\"ed91897\" data-element_type=\"column\">\n\t\t\t<div class=\"elementor-widget-wrap elementor-element-populated\">\n\t\t\t\t\t\t<div class=\"elementor-element elementor-element-a107457 elementor-widget elementor-widget-image\" data-id=\"a107457\" data-element_type=\"widget\" data-widget_type=\"image.default\">\n\t\t\t\t<div class=\"elementor-widget-container\">\n\t\t\t\t\t\t\t\t\t\t\t\t\t\t\t\t<a href=\"http:\/\/arrowlocation.com\/en\/search\/?location%5B%5D=apartments-condos-houses-for-rent-montreal&#038;bedrooms=\">\n\t\t\t\t\t\t\t<img decoding=\"async\" width=\"1000\" height=\"507\" src=\"https:\/\/arrowlocation.com\/wp-content\/uploads\/2021\/06\/MicrosoftTeams-image-27.jpg\" class=\"elementor-animation-grow attachment-full size-full wp-image-7430\" alt=\"\" srcset=\"https:\/\/arrowlocation.com\/wp-content\/uploads\/2021\/06\/MicrosoftTeams-image-27.jpg 1000w, https:\/\/arrowlocation.com\/wp-content\/uploads\/2021\/06\/MicrosoftTeams-image-27-300x152.jpg 300w, https:\/\/arrowlocation.com\/wp-content\/uploads\/2021\/06\/MicrosoftTeams-image-27-768x389.jpg 768w, https:\/\/arrowlocation.com\/wp-content\/uploads\/2021\/06\/MicrosoftTeams-image-27-18x9.jpg 18w, https:\/\/arrowlocation.com\/wp-content\/uploads\/2021\/06\/MicrosoftTeams-image-27-496x251.jpg 496w\" sizes=\"(max-width: 1000px) 100vw, 1000px\" \/>\t\t\t\t\t\t\t\t<\/a>\n\t\t\t\t\t\t\t\t\t\t\t\t\t\t\t<\/div>\n\t\t\t\t<\/div>\n\t\t\t\t\t<\/div>\n\t\t<\/div>\n\t\t\t\t<div class=\"elementor-column elementor-col-50 elementor-top-column elementor-element elementor-element-4b9ffc0\" data-id=\"4b9ffc0\" data-element_type=\"column\">\n\t\t\t<div class=\"elementor-widget-wrap elementor-element-populated\">\n\t\t\t\t\t\t<div class=\"elementor-element elementor-element-bd8e24a elementor-widget elementor-widget-image\" data-id=\"bd8e24a\" data-element_type=\"widget\" data-widget_type=\"image.default\">\n\t\t\t\t<div class=\"elementor-widget-container\">\n\t\t\t\t\t\t\t\t\t\t\t\t\t\t\t\t<a href=\"http:\/\/arrowlocation.com\/en\/search\/?location%5B%5D=apartments-condos-houses-for-rent-quebec&#038;bedrooms=\">\n\t\t\t\t\t\t\t<img decoding=\"async\" width=\"1000\" height=\"507\" src=\"https:\/\/arrowlocation.com\/wp-content\/uploads\/2021\/06\/MicrosoftTeams-image-28.jpg\" class=\"elementor-animation-grow attachment-full size-full wp-image-7429\" alt=\"\" srcset=\"https:\/\/arrowlocation.com\/wp-content\/uploads\/2021\/06\/MicrosoftTeams-image-28.jpg 1000w, https:\/\/arrowlocation.com\/wp-content\/uploads\/2021\/06\/MicrosoftTeams-image-28-300x152.jpg 300w, https:\/\/arrowlocation.com\/wp-content\/uploads\/2021\/06\/MicrosoftTeams-image-28-768x389.jpg 768w, https:\/\/arrowlocation.com\/wp-content\/uploads\/2021\/06\/MicrosoftTeams-image-28-18x9.jpg 18w, https:\/\/arrowlocation.com\/wp-content\/uploads\/2021\/06\/MicrosoftTeams-image-28-496x251.jpg 496w\" sizes=\"(max-width: 1000px) 100vw, 1000px\" \/>\t\t\t\t\t\t\t\t<\/a>\n\t\t\t\t\t\t\t\t\t\t\t\t\t\t\t<\/div>\n\t\t\t\t<\/div>\n\t\t\t\t\t<\/div>\n\t\t<\/div>\n\t\t\t\t\t<\/div>\n\t\t<\/section>\n\t\t\t\t<section data-particle_enable=\"false\" data-particle-mobile-disabled=\"false\" class=\"elementor-section elementor-top-section elementor-element elementor-element-5bb5883 elementor-section-boxed elementor-section-height-default elementor-section-height-default\" data-id=\"5bb5883\" data-element_type=\"section\" data-settings=\"{&quot;background_background&quot;:&quot;classic&quot;}\">\n\t\t\t\t\t\t<div class=\"elementor-container elementor-column-gap-default\">\n\t\t\t\t\t<div class=\"elementor-column elementor-col-100 elementor-top-column elementor-element elementor-element-c93f56d\" data-id=\"c93f56d\" data-element_type=\"column\">\n\t\t\t<div class=\"elementor-widget-wrap elementor-element-populated\">\n\t\t\t\t\t\t<div class=\"elementor-element elementor-element-5db0db9 elementor-align-center elementor-widget elementor-widget-button\" data-id=\"5db0db9\" data-element_type=\"widget\" data-widget_type=\"button.default\">\n\t\t\t\t<div class=\"elementor-widget-container\">\n\t\t\t\t\t\t\t\t\t<div class=\"elementor-button-wrapper\">\n\t\t\t\t\t<a class=\"elementor-button elementor-button-link elementor-size-md\" href=\"http:\/\/arrowlocation.com\/en\/meet-arrow\">\n\t\t\t\t\t\t<span class=\"elementor-button-content-wrapper\">\n\t\t\t\t\t\t\t\t\t<span class=\"elementor-button-text\">PEDIR CITA<\/span>\n\t\t\t\t\t<\/span>\n\t\t\t\t\t<\/a>\n\t\t\t\t<\/div>\n\t\t\t\t\t\t\t\t<\/div>\n\t\t\t\t<\/div>\n\t\t\t\t\t<\/div>\n\t\t<\/div>\n\t\t\t\t\t<\/div>\n\t\t<\/section>\n\t\t\t\t<section data-particle_enable=\"false\" data-particle-mobile-disabled=\"false\" class=\"elementor-section elementor-top-section elementor-element elementor-element-79b29f8 elementor-section-boxed elementor-section-height-default elementor-section-height-default\" data-id=\"79b29f8\" data-element_type=\"section\" data-settings=\"{&quot;background_background&quot;:&quot;classic&quot;}\">\n\t\t\t\t\t\t<div class=\"elementor-container elementor-column-gap-default\">\n\t\t\t\t\t<div class=\"elementor-column elementor-col-100 elementor-top-column elementor-element elementor-element-efbb9cb\" data-id=\"efbb9cb\" data-element_type=\"column\">\n\t\t\t<div class=\"elementor-widget-wrap elementor-element-populated\">\n\t\t\t\t\t\t<div class=\"elementor-element elementor-element-3320254 elementor-widget elementor-widget-spacer\" data-id=\"3320254\" data-element_type=\"widget\" data-widget_type=\"spacer.default\">\n\t\t\t\t<div class=\"elementor-widget-container\">\n\t\t\t\t\t\t\t<div class=\"elementor-spacer\">\n\t\t\t<div class=\"elementor-spacer-inner\"><\/div>\n\t\t<\/div>\n\t\t\t\t\t\t<\/div>\n\t\t\t\t<\/div>\n\t\t\t\t\t<\/div>\n\t\t<\/div>\n\t\t\t\t\t<\/div>\n\t\t<\/section>\n\t\t\t\t<\/div>","protected":false},"excerpt":{"rendered":"<p>Private Individuals Mary et Ashley THEY SOLD THEIR PROPERTY BUT&#8230; When they decided to put their house up for sale, Mary and Ashley had no idea that the transaction would happen so quickly, before they had even found the house of their dreams. Now what can they do? Find a temporary place to stay, while [&hellip;]<\/p>","protected":false},"author":21,"featured_media":0,"parent":0,"menu_order":0,"comment_status":"closed","ping_status":"closed","template":"elementor_header_footer","meta":{"content-type":"","footnotes":""},"class_list":["post-2523","page","type-page","status-publish","hentry"],"_links":{"self":[{"href":"https:\/\/arrowlocation.com\/es\/wp-json\/wp\/v2\/pages\/2523","targetHints":{"allow":["GET"]}}],"collection":[{"href":"https:\/\/arrowlocation.com\/es\/wp-json\/wp\/v2\/pages"}],"about":[{"href":"https:\/\/arrowlocation.com\/es\/wp-json\/wp\/v2\/types\/page"}],"author":[{"embeddable":true,"href":"https:\/\/arrowlocation.com\/es\/wp-json\/wp\/v2\/users\/21"}],"replies":[{"embeddable":true,"href":"https:\/\/arrowlocation.com\/es\/wp-json\/wp\/v2\/comments?post=2523"}],"version-history":[{"count":0,"href":"https:\/\/arrowlocation.com\/es\/wp-json\/wp\/v2\/pages\/2523\/revisions"}],"wp:attachment":[{"href":"https:\/\/arrowlocation.com\/es\/wp-json\/wp\/v2\/media?parent=2523"}],"curies":[{"name":"wp","href":"https:\/\/api.w.org\/{rel}","templated":true}]}}