{"id":2528,"date":"2021-05-17T14:24:02","date_gmt":"2021-05-17T18:24:02","guid":{"rendered":"https:\/\/nouveau.arrowlocation.com\/?page_id=2528"},"modified":"2021-07-05T08:39:30","modified_gmt":"2021-07-05T12:39:30","slug":"claims-adjuster","status":"publish","type":"page","link":"https:\/\/arrowlocation.com\/es\/claims-adjuster\/","title":{"rendered":"Liquidador de siniestros"},"content":{"rendered":"<div data-elementor-type=\"wp-page\" data-elementor-id=\"2528\" class=\"elementor elementor-2528\" data-elementor-post-type=\"page\">\n\t\t\t\t\t\t<section data-particle_enable=\"false\" data-particle-mobile-disabled=\"false\" class=\"elementor-section elementor-top-section elementor-element elementor-element-e45a86e elementor-section-boxed elementor-section-height-default elementor-section-height-default\" data-id=\"e45a86e\" data-element_type=\"section\" data-settings=\"{&quot;background_background&quot;:&quot;classic&quot;}\">\n\t\t\t\t\t\t<div class=\"elementor-container elementor-column-gap-default\">\n\t\t\t\t\t<div class=\"elementor-column elementor-col-100 elementor-top-column elementor-element elementor-element-9aa86cb\" data-id=\"9aa86cb\" data-element_type=\"column\">\n\t\t\t<div class=\"elementor-widget-wrap elementor-element-populated\">\n\t\t\t\t\t\t<div class=\"elementor-element elementor-element-967b468 elementor-widget elementor-widget-spacer\" data-id=\"967b468\" data-element_type=\"widget\" data-widget_type=\"spacer.default\">\n\t\t\t\t<div class=\"elementor-widget-container\">\n\t\t\t\t\t\t\t<div class=\"elementor-spacer\">\n\t\t\t<div class=\"elementor-spacer-inner\"><\/div>\n\t\t<\/div>\n\t\t\t\t\t\t<\/div>\n\t\t\t\t<\/div>\n\t\t\t\t<div class=\"elementor-element elementor-element-2a2657e elementor-widget elementor-widget-heading\" data-id=\"2a2657e\" data-element_type=\"widget\" data-widget_type=\"heading.default\">\n\t\t\t\t<div class=\"elementor-widget-container\">\n\t\t\t\t\t<h1 class=\"elementor-heading-title elementor-size-default\">V\u00edctimas de cat\u00e1strofes dom\u00e9sticas \/ Aseguradoras<\/h1>\t\t\t\t<\/div>\n\t\t\t\t<\/div>\n\t\t\t\t<div class=\"elementor-element elementor-element-44b0e9f elementor-widget elementor-widget-spacer\" data-id=\"44b0e9f\" data-element_type=\"widget\" data-widget_type=\"spacer.default\">\n\t\t\t\t<div class=\"elementor-widget-container\">\n\t\t\t\t\t\t\t<div class=\"elementor-spacer\">\n\t\t\t<div class=\"elementor-spacer-inner\"><\/div>\n\t\t<\/div>\n\t\t\t\t\t\t<\/div>\n\t\t\t\t<\/div>\n\t\t\t\t\t<\/div>\n\t\t<\/div>\n\t\t\t\t\t<\/div>\n\t\t<\/section>\n\t\t\t\t<section data-particle_enable=\"false\" data-particle-mobile-disabled=\"false\" class=\"elementor-section elementor-top-section elementor-element elementor-element-fcbb0f3 elementor-section-boxed elementor-section-height-default elementor-section-height-default\" data-id=\"fcbb0f3\" data-element_type=\"section\" data-settings=\"{&quot;background_background&quot;:&quot;classic&quot;}\">\n\t\t\t\t\t\t<div class=\"elementor-container elementor-column-gap-default\">\n\t\t\t\t\t<div class=\"elementor-column elementor-col-33 elementor-top-column elementor-element elementor-element-d2afdd9\" data-id=\"d2afdd9\" data-element_type=\"column\">\n\t\t\t<div class=\"elementor-widget-wrap elementor-element-populated\">\n\t\t\t\t\t\t<div class=\"elementor-element elementor-element-d500d7f elementor-widget elementor-widget-image\" data-id=\"d500d7f\" data-element_type=\"widget\" data-widget_type=\"image.default\">\n\t\t\t\t<div class=\"elementor-widget-container\">\n\t\t\t\t\t\t\t\t\t\t\t\t\t\t\t<img fetchpriority=\"high\" decoding=\"async\" width=\"475\" height=\"375\" src=\"https:\/\/arrowlocation.com\/wp-content\/uploads\/2021\/04\/Perso_Assureurs_jonathan_475x375.png\" class=\"attachment-full size-full wp-image-1156\" alt=\"\" srcset=\"https:\/\/arrowlocation.com\/wp-content\/uploads\/2021\/04\/Perso_Assureurs_jonathan_475x375.png 475w, https:\/\/arrowlocation.com\/wp-content\/uploads\/2021\/04\/Perso_Assureurs_jonathan_475x375-300x237.png 300w, https:\/\/arrowlocation.com\/wp-content\/uploads\/2021\/04\/Perso_Assureurs_jonathan_475x375-15x12.png 15w\" sizes=\"(max-width: 475px) 100vw, 475px\" \/>\t\t\t\t\t\t\t\t\t\t\t\t\t\t\t<\/div>\n\t\t\t\t<\/div>\n\t\t\t\t\t<\/div>\n\t\t<\/div>\n\t\t\t\t<div class=\"elementor-column elementor-col-66 elementor-top-column elementor-element elementor-element-5e7ae40\" data-id=\"5e7ae40\" data-element_type=\"column\">\n\t\t\t<div class=\"elementor-widget-wrap elementor-element-populated\">\n\t\t\t\t\t\t<div class=\"elementor-element elementor-element-a1a0fee elementor-widget elementor-widget-heading\" data-id=\"a1a0fee\" data-element_type=\"widget\" data-widget_type=\"heading.default\">\n\t\t\t\t<div class=\"elementor-widget-container\">\n\t\t\t\t\t<h2 class=\"elementor-heading-title elementor-size-default\">Jonathan<\/h2>\t\t\t\t<\/div>\n\t\t\t\t<\/div>\n\t\t\t\t<div class=\"elementor-element elementor-element-a8ce1aa elementor-widget elementor-widget-heading\" data-id=\"a8ce1aa\" data-element_type=\"widget\" data-widget_type=\"heading.default\">\n\t\t\t\t<div class=\"elementor-widget-container\">\n\t\t\t\t\t<h4 class=\"elementor-heading-title elementor-size-default\">AJUSTADOR DE SINIESTROS<\/h4>\t\t\t\t<\/div>\n\t\t\t\t<\/div>\n\t\t\t\t<div class=\"elementor-element elementor-element-b57f637 elementor-widget elementor-widget-text-editor\" data-id=\"b57f637\" data-element_type=\"widget\" data-widget_type=\"text-editor.default\">\n\t\t\t\t<div class=\"elementor-widget-container\">\n\t\t\t\t\t\t\t\t\t<p>Como perito de siniestros, Jonathan se esfuerza por atender las necesidades de sus clientes. Estos asegurados suelen estar angustiados tras haberlo perdido todo. Necesitan a alguien que les apoye en el proceso de traslado, que puede resultar intimidatorio para los novatos, sobre todo porque hay que encontrar r\u00e1pidamente un nuevo hogar. \u00bfQu\u00e9 puede hacer \u00e9l? Ayudar a sus clientes a encontrar una soluci\u00f3n de alojamiento temporal c\u00f3moda y totalmente equipada. <strong>Arrow es la soluci\u00f3n de alquiler temporal perfecta.<\/strong><\/p>\t\t\t\t\t\t\t\t<\/div>\n\t\t\t\t<\/div>\n\t\t\t\t\t<\/div>\n\t\t<\/div>\n\t\t\t\t\t<\/div>\n\t\t<\/section>\n\t\t\t\t<section data-particle_enable=\"false\" data-particle-mobile-disabled=\"false\" class=\"elementor-section elementor-top-section elementor-element elementor-element-976722f elementor-section-boxed elementor-section-height-default elementor-section-height-default\" data-id=\"976722f\" data-element_type=\"section\" data-settings=\"{&quot;background_background&quot;:&quot;classic&quot;}\">\n\t\t\t\t\t\t<div class=\"elementor-container elementor-column-gap-default\">\n\t\t\t\t\t<div class=\"elementor-column elementor-col-100 elementor-top-column elementor-element elementor-element-72f4542\" data-id=\"72f4542\" data-element_type=\"column\">\n\t\t\t<div class=\"elementor-widget-wrap elementor-element-populated\">\n\t\t\t\t\t\t<div class=\"elementor-element elementor-element-b497fca elementor-widget elementor-widget-heading\" data-id=\"b497fca\" data-element_type=\"widget\" data-widget_type=\"heading.default\">\n\t\t\t\t<div class=\"elementor-widget-container\">\n\t\t\t\t\t<h3 class=\"elementor-heading-title elementor-size-default\">Comparar las ventajas de Arrow <\/h3>\t\t\t\t<\/div>\n\t\t\t\t<\/div>\n\t\t\t\t\t<\/div>\n\t\t<\/div>\n\t\t\t\t\t<\/div>\n\t\t<\/section>\n\t\t\t\t<section data-particle_enable=\"false\" data-particle-mobile-disabled=\"false\" class=\"elementor-section elementor-top-section elementor-element elementor-element-7780850 elementor-section-boxed elementor-section-height-default elementor-section-height-default\" data-id=\"7780850\" data-element_type=\"section\" data-settings=\"{&quot;background_background&quot;:&quot;classic&quot;}\">\n\t\t\t\t\t\t<div class=\"elementor-container elementor-column-gap-default\">\n\t\t\t\t\t<div class=\"elementor-column elementor-col-33 elementor-top-column elementor-element elementor-element-b1801c8\" data-id=\"b1801c8\" data-element_type=\"column\">\n\t\t\t<div class=\"elementor-widget-wrap elementor-element-populated\">\n\t\t\t\t\t\t<div class=\"elementor-element elementor-element-738c0b6 eael-pricing-content-align-left eael-pricing-button-align-center elementor-widget elementor-widget-eael-pricing-table\" data-id=\"738c0b6\" data-element_type=\"widget\" data-widget_type=\"eael-pricing-table.default\">\n\t\t\t\t<div class=\"elementor-widget-container\">\n\t\t\t\t\t                    <div class=\"eael-pricing style-1 eael-header-devider\">\n                <div class=\"eael-pricing-item\">\n                    <div class=\"header\">\n                        <h2 class=\"title\">Flecha<\/h2>\n                    <\/div>\n                    <div class=\"eael-pricing-tag\">\n                        <span class=\"price-tag\"><span class=\"original-price\"><span class=\"price-currency\"><\/span>A partir de $65 \/ d\u00eda<\/span><\/span><span class=\"price-period\"><\/span>                    <\/div>\n                    <div class=\"body\">\n                                <ul>\n                            <li class=\"eael-pricing-item-feature elementor-repeater-item-c47b556\">\n                    \n                    \n                    <span >Unidades uniformes<\/span>\n                    \n                     \n                <\/li>\n                            <li class=\"eael-pricing-item-feature elementor-repeater-item-14b0d51\">\n                    \n                    \n                    <span >Altos niveles de calidad<\/span>\n                    \n                     \n                <\/li>\n                            <li class=\"eael-pricing-item-feature elementor-repeater-item-6d15f77\">\n                    \n                    \n                    <span >Servicios completos<\/span>\n                    \n                     \n                <\/li>\n                            <li class=\"eael-pricing-item-feature elementor-repeater-item-be86038\">\n                    \n                    \n                    <span >Totalmente equipado<\/span>\n                    \n                     \n                <\/li>\n                            <li class=\"eael-pricing-item-feature elementor-repeater-item-307e1bc\">\n                    \n                    \n                    <span >Gesti\u00f3n por parte de una empresa \/ orientada al servicio al cliente<\/span>\n                    \n                     \n                <\/li>\n                            <li class=\"eael-pricing-item-feature elementor-repeater-item-c777099\">\n                    \n                    \n                    <span >Sala de fitness, piscina, barbacoa, golf virtual ++.<\/span>\n                    \n                     \n                <\/li>\n                            <li class=\"eael-pricing-item-feature elementor-repeater-item-13bc244\">\n                    \n                    \n                    <span >Volumen de ocupaci\u00f3n moderado<\/span>\n                    \n                     \n                <\/li>\n                    <\/ul>\n                        <\/div>\n\t                                <\/div>\n            <\/div>\n                    \t\t\t\t<\/div>\n\t\t\t\t<\/div>\n\t\t\t\t\t<\/div>\n\t\t<\/div>\n\t\t\t\t<div class=\"elementor-column elementor-col-33 elementor-top-column elementor-element elementor-element-e469a44\" data-id=\"e469a44\" data-element_type=\"column\">\n\t\t\t<div class=\"elementor-widget-wrap elementor-element-populated\">\n\t\t\t\t\t\t<div class=\"elementor-element elementor-element-9ed3481 eael-pricing-content-align-left eael-pricing-button-align-center elementor-widget elementor-widget-eael-pricing-table\" data-id=\"9ed3481\" data-element_type=\"widget\" data-widget_type=\"eael-pricing-table.default\">\n\t\t\t\t<div class=\"elementor-widget-container\">\n\t\t\t\t\t                    <div class=\"eael-pricing style-1 eael-header-devider\">\n                <div class=\"eael-pricing-item\">\n                    <div class=\"header\">\n                        <h2 class=\"title\">Anuncios clasificados<\/h2>\n                    <\/div>\n                    <div class=\"eael-pricing-tag\">\n                        <span class=\"price-tag\"><span class=\"original-price\"><span class=\"price-currency\"><\/span>A partir de $75 \/ d\u00eda<\/span><\/span><span class=\"price-period\"><\/span>                    <\/div>\n                    <div class=\"body\">\n                                <ul>\n                            <li class=\"eael-pricing-item-feature elementor-repeater-item-c47b556\">\n                    \n                    \n                    <span >Unidades no uniformes<\/span>\n                    \n                     \n                <\/li>\n                            <li class=\"eael-pricing-item-feature elementor-repeater-item-14b0d51\">\n                    \n                    \n                    <span >Normas de calidad inexistentes o variables<\/span>\n                    \n                     \n                <\/li>\n                            <li class=\"eael-pricing-item-feature elementor-repeater-item-42d84f8\">\n                    \n                    \n                    <span >Servicios limitados<\/span>\n                    \n                     \n                <\/li>\n                            <li class=\"eael-pricing-item-feature elementor-repeater-item-5e51d3f\">\n                    \n                    \n                    <span >Equipamiento inexistente o inadecuado<\/span>\n                    \n                     \n                <\/li>\n                            <li class=\"eael-pricing-item-feature elementor-repeater-item-06a08b1\">\n                    \n                    \n                    <span >Gesti\u00f3n por un individuo \/ centrada en el beneficio <\/span>\n                    \n                     \n                <\/li>\n                            <li class=\"eael-pricing-item-feature elementor-repeater-item-bacc5ef\">\n                    \n                    \n                    <span >Ninguna o muy pocas inclusiones<\/span>\n                    \n                     \n                <\/li>\n                            <li class=\"eael-pricing-item-feature elementor-repeater-item-c499e35\">\n                    \n                    \n                    <span >Volumen de ocupaci\u00f3n variable<\/span>\n                    \n                     \n                <\/li>\n                    <\/ul>\n                        <\/div>\n\t                                <\/div>\n            <\/div>\n                    \t\t\t\t<\/div>\n\t\t\t\t<\/div>\n\t\t\t\t\t<\/div>\n\t\t<\/div>\n\t\t\t\t<div class=\"elementor-column elementor-col-33 elementor-top-column elementor-element elementor-element-c56dcf7\" data-id=\"c56dcf7\" data-element_type=\"column\">\n\t\t\t<div class=\"elementor-widget-wrap elementor-element-populated\">\n\t\t\t\t\t\t<div class=\"elementor-element elementor-element-c6c9c13 eael-pricing-content-align-left eael-pricing-button-align-center elementor-widget elementor-widget-eael-pricing-table\" data-id=\"c6c9c13\" data-element_type=\"widget\" data-widget_type=\"eael-pricing-table.default\">\n\t\t\t\t<div class=\"elementor-widget-container\">\n\t\t\t\t\t                    <div class=\"eael-pricing style-1 eael-header-devider\">\n                <div class=\"eael-pricing-item\">\n                    <div class=\"header\">\n                        <h2 class=\"title\">Hotel<\/h2>\n                    <\/div>\n                    <div class=\"eael-pricing-tag\">\n                        <span class=\"price-tag\"><span class=\"original-price\"><span class=\"price-currency\"><\/span>A partir de $125 \/ d\u00eda<\/span><\/span><span class=\"price-period\"><\/span>                    <\/div>\n                    <div class=\"body\">\n                                <ul>\n                            <li class=\"eael-pricing-item-feature elementor-repeater-item-c47b556\">\n                    \n                    \n                    <span >Unidades uniformes<\/span>\n                    \n                     \n                <\/li>\n                            <li class=\"eael-pricing-item-feature elementor-repeater-item-14b0d51\">\n                    \n                    \n                    <span >Normas de calidad variables<\/span>\n                    \n                     \n                <\/li>\n                            <li class=\"eael-pricing-item-feature elementor-repeater-item-42d84f8\">\n                    \n                    \n                    <span >Servicios completos<\/span>\n                    \n                     \n                <\/li>\n                            <li class=\"eael-pricing-item-feature elementor-repeater-item-5e51d3f\">\n                    \n                    \n                    <span >Equipamiento limitado<\/span>\n                    \n                     \n                <\/li>\n                            <li class=\"eael-pricing-item-feature elementor-repeater-item-06a08b1\">\n                    \n                    \n                    <span >Gesti\u00f3n por un individuo \/ centrada en el beneficio <\/span>\n                    \n                     \n                <\/li>\n                            <li class=\"eael-pricing-item-feature elementor-repeater-item-bacc5ef\">\n                    \n                    \n                    <span >Sala de fitness, piscina y vest\u00edbulo<\/span>\n                    \n                     \n                <\/li>\n                            <li class=\"eael-pricing-item-feature elementor-repeater-item-c499e35\">\n                    \n                    \n                    <span >Alto volumen de ocupaci\u00f3n<\/span>\n                    \n                     \n                <\/li>\n                    <\/ul>\n                        <\/div>\n\t                                <\/div>\n            <\/div>\n                    \t\t\t\t<\/div>\n\t\t\t\t<\/div>\n\t\t\t\t\t<\/div>\n\t\t<\/div>\n\t\t\t\t\t<\/div>\n\t\t<\/section>\n\t\t\t\t<section data-particle_enable=\"false\" data-particle-mobile-disabled=\"false\" class=\"elementor-section elementor-top-section elementor-element elementor-element-bbbc035 elementor-section-boxed elementor-section-height-default elementor-section-height-default\" data-id=\"bbbc035\" data-element_type=\"section\" data-settings=\"{&quot;background_background&quot;:&quot;classic&quot;}\">\n\t\t\t\t\t\t<div class=\"elementor-container elementor-column-gap-default\">\n\t\t\t\t\t<div class=\"elementor-column elementor-col-100 elementor-top-column elementor-element elementor-element-577555e\" data-id=\"577555e\" data-element_type=\"column\">\n\t\t\t<div class=\"elementor-widget-wrap elementor-element-populated\">\n\t\t\t\t\t\t<div class=\"elementor-element elementor-element-cd251e4 elementor-widget elementor-widget-spacer\" data-id=\"cd251e4\" data-element_type=\"widget\" data-widget_type=\"spacer.default\">\n\t\t\t\t<div class=\"elementor-widget-container\">\n\t\t\t\t\t\t\t<div class=\"elementor-spacer\">\n\t\t\t<div class=\"elementor-spacer-inner\"><\/div>\n\t\t<\/div>\n\t\t\t\t\t\t<\/div>\n\t\t\t\t<\/div>\n\t\t\t\t<div class=\"elementor-element elementor-element-b9e5cc4 elementor-widget elementor-widget-heading\" data-id=\"b9e5cc4\" data-element_type=\"widget\" data-widget_type=\"heading.default\">\n\t\t\t\t<div class=\"elementor-widget-container\">\n\t\t\t\t\t<h3 class=\"elementor-heading-title elementor-size-default\">Ver alquileres temporales en<\/h3>\t\t\t\t<\/div>\n\t\t\t\t<\/div>\n\t\t\t\t\t<\/div>\n\t\t<\/div>\n\t\t\t\t\t<\/div>\n\t\t<\/section>\n\t\t\t\t<section data-particle_enable=\"false\" data-particle-mobile-disabled=\"false\" class=\"elementor-section elementor-top-section elementor-element elementor-element-cee77b1 elementor-section-boxed elementor-section-height-default elementor-section-height-default\" data-id=\"cee77b1\" data-element_type=\"section\" data-settings=\"{&quot;background_background&quot;:&quot;classic&quot;}\">\n\t\t\t\t\t\t<div class=\"elementor-container elementor-column-gap-default\">\n\t\t\t\t\t<div class=\"elementor-column elementor-col-50 elementor-top-column elementor-element elementor-element-819b716\" data-id=\"819b716\" data-element_type=\"column\">\n\t\t\t<div class=\"elementor-widget-wrap elementor-element-populated\">\n\t\t\t\t\t\t<div class=\"elementor-element elementor-element-2efc7ec elementor-widget elementor-widget-image\" data-id=\"2efc7ec\" data-element_type=\"widget\" data-widget_type=\"image.default\">\n\t\t\t\t<div class=\"elementor-widget-container\">\n\t\t\t\t\t\t\t\t\t\t\t\t\t\t\t\t<a href=\"http:\/\/arrowlocation.com\/en\/search\/?location%5B%5D=apartments-condos-houses-for-rent-montreal&#038;bedrooms=\">\n\t\t\t\t\t\t\t<img decoding=\"async\" width=\"1000\" height=\"507\" src=\"https:\/\/arrowlocation.com\/wp-content\/uploads\/2021\/06\/MicrosoftTeams-image-27.jpg\" class=\"elementor-animation-grow attachment-full size-full wp-image-7430\" alt=\"\" srcset=\"https:\/\/arrowlocation.com\/wp-content\/uploads\/2021\/06\/MicrosoftTeams-image-27.jpg 1000w, https:\/\/arrowlocation.com\/wp-content\/uploads\/2021\/06\/MicrosoftTeams-image-27-300x152.jpg 300w, https:\/\/arrowlocation.com\/wp-content\/uploads\/2021\/06\/MicrosoftTeams-image-27-768x389.jpg 768w, https:\/\/arrowlocation.com\/wp-content\/uploads\/2021\/06\/MicrosoftTeams-image-27-18x9.jpg 18w, https:\/\/arrowlocation.com\/wp-content\/uploads\/2021\/06\/MicrosoftTeams-image-27-496x251.jpg 496w\" sizes=\"(max-width: 1000px) 100vw, 1000px\" \/>\t\t\t\t\t\t\t\t<\/a>\n\t\t\t\t\t\t\t\t\t\t\t\t\t\t\t<\/div>\n\t\t\t\t<\/div>\n\t\t\t\t\t<\/div>\n\t\t<\/div>\n\t\t\t\t<div class=\"elementor-column elementor-col-50 elementor-top-column elementor-element elementor-element-76aca7b\" data-id=\"76aca7b\" data-element_type=\"column\">\n\t\t\t<div class=\"elementor-widget-wrap elementor-element-populated\">\n\t\t\t\t\t\t<div class=\"elementor-element elementor-element-6fd3dc6 elementor-widget elementor-widget-image\" data-id=\"6fd3dc6\" data-element_type=\"widget\" data-widget_type=\"image.default\">\n\t\t\t\t<div class=\"elementor-widget-container\">\n\t\t\t\t\t\t\t\t\t\t\t\t\t\t\t\t<a href=\"http:\/\/arrowlocation.com\/en\/search\/?location%5B%5D=apartments-condos-houses-for-rent-quebec&#038;bedrooms=\">\n\t\t\t\t\t\t\t<img decoding=\"async\" width=\"1000\" height=\"507\" src=\"https:\/\/arrowlocation.com\/wp-content\/uploads\/2021\/06\/MicrosoftTeams-image-28.jpg\" class=\"elementor-animation-grow attachment-full size-full wp-image-7429\" alt=\"\" srcset=\"https:\/\/arrowlocation.com\/wp-content\/uploads\/2021\/06\/MicrosoftTeams-image-28.jpg 1000w, https:\/\/arrowlocation.com\/wp-content\/uploads\/2021\/06\/MicrosoftTeams-image-28-300x152.jpg 300w, https:\/\/arrowlocation.com\/wp-content\/uploads\/2021\/06\/MicrosoftTeams-image-28-768x389.jpg 768w, https:\/\/arrowlocation.com\/wp-content\/uploads\/2021\/06\/MicrosoftTeams-image-28-18x9.jpg 18w, https:\/\/arrowlocation.com\/wp-content\/uploads\/2021\/06\/MicrosoftTeams-image-28-496x251.jpg 496w\" sizes=\"(max-width: 1000px) 100vw, 1000px\" \/>\t\t\t\t\t\t\t\t<\/a>\n\t\t\t\t\t\t\t\t\t\t\t\t\t\t\t<\/div>\n\t\t\t\t<\/div>\n\t\t\t\t\t<\/div>\n\t\t<\/div>\n\t\t\t\t\t<\/div>\n\t\t<\/section>\n\t\t\t\t<section data-particle_enable=\"false\" data-particle-mobile-disabled=\"false\" class=\"elementor-section elementor-top-section elementor-element elementor-element-071d50a elementor-section-boxed elementor-section-height-default elementor-section-height-default\" data-id=\"071d50a\" data-element_type=\"section\" data-settings=\"{&quot;background_background&quot;:&quot;classic&quot;}\">\n\t\t\t\t\t\t<div class=\"elementor-container elementor-column-gap-default\">\n\t\t\t\t\t<div class=\"elementor-column elementor-col-100 elementor-top-column elementor-element elementor-element-bfda090\" data-id=\"bfda090\" data-element_type=\"column\">\n\t\t\t<div class=\"elementor-widget-wrap elementor-element-populated\">\n\t\t\t\t\t\t<div class=\"elementor-element elementor-element-d40a5ed elementor-align-center elementor-widget elementor-widget-button\" data-id=\"d40a5ed\" data-element_type=\"widget\" data-widget_type=\"button.default\">\n\t\t\t\t<div class=\"elementor-widget-container\">\n\t\t\t\t\t\t\t\t\t<div class=\"elementor-button-wrapper\">\n\t\t\t\t\t<a class=\"elementor-button elementor-button-link elementor-size-md\" href=\"http:\/\/arrowlocation.com\/en\/meet-arrow\">\n\t\t\t\t\t\t<span class=\"elementor-button-content-wrapper\">\n\t\t\t\t\t\t\t\t\t<span class=\"elementor-button-text\">PEDIR CITA<\/span>\n\t\t\t\t\t<\/span>\n\t\t\t\t\t<\/a>\n\t\t\t\t<\/div>\n\t\t\t\t\t\t\t\t<\/div>\n\t\t\t\t<\/div>\n\t\t\t\t\t<\/div>\n\t\t<\/div>\n\t\t\t\t\t<\/div>\n\t\t<\/section>\n\t\t\t\t<section data-particle_enable=\"false\" data-particle-mobile-disabled=\"false\" class=\"elementor-section elementor-top-section elementor-element elementor-element-dec3c58 elementor-section-boxed elementor-section-height-default elementor-section-height-default\" data-id=\"dec3c58\" data-element_type=\"section\" data-settings=\"{&quot;background_background&quot;:&quot;classic&quot;}\">\n\t\t\t\t\t\t<div class=\"elementor-container elementor-column-gap-default\">\n\t\t\t\t\t<div class=\"elementor-column elementor-col-100 elementor-top-column elementor-element elementor-element-8019fed\" data-id=\"8019fed\" data-element_type=\"column\">\n\t\t\t<div class=\"elementor-widget-wrap elementor-element-populated\">\n\t\t\t\t\t\t<div class=\"elementor-element elementor-element-be240dc elementor-widget elementor-widget-spacer\" data-id=\"be240dc\" data-element_type=\"widget\" data-widget_type=\"spacer.default\">\n\t\t\t\t<div class=\"elementor-widget-container\">\n\t\t\t\t\t\t\t<div class=\"elementor-spacer\">\n\t\t\t<div class=\"elementor-spacer-inner\"><\/div>\n\t\t<\/div>\n\t\t\t\t\t\t<\/div>\n\t\t\t\t<\/div>\n\t\t\t\t\t<\/div>\n\t\t<\/div>\n\t\t\t\t\t<\/div>\n\t\t<\/section>\n\t\t\t\t<\/div>","protected":false},"excerpt":{"rendered":"<p>Home disaster victims \/ Insurers Jonathan CLAIMS ADJUSTER As a claims adjuster, Jonathan makes a point of addressing the needs of his clients. These policyholders are often distraught after losing everything. They need someone to support them through the relocation process, which can be intimidating for novices, especially since the new home needs to be [&hellip;]<\/p>","protected":false},"author":21,"featured_media":0,"parent":0,"menu_order":0,"comment_status":"closed","ping_status":"closed","template":"elementor_header_footer","meta":{"content-type":"","footnotes":""},"class_list":["post-2528","page","type-page","status-publish","hentry"],"_links":{"self":[{"href":"https:\/\/arrowlocation.com\/es\/wp-json\/wp\/v2\/pages\/2528","targetHints":{"allow":["GET"]}}],"collection":[{"href":"https:\/\/arrowlocation.com\/es\/wp-json\/wp\/v2\/pages"}],"about":[{"href":"https:\/\/arrowlocation.com\/es\/wp-json\/wp\/v2\/types\/page"}],"author":[{"embeddable":true,"href":"https:\/\/arrowlocation.com\/es\/wp-json\/wp\/v2\/users\/21"}],"replies":[{"embeddable":true,"href":"https:\/\/arrowlocation.com\/es\/wp-json\/wp\/v2\/comments?post=2528"}],"version-history":[{"count":0,"href":"https:\/\/arrowlocation.com\/es\/wp-json\/wp\/v2\/pages\/2528\/revisions"}],"wp:attachment":[{"href":"https:\/\/arrowlocation.com\/es\/wp-json\/wp\/v2\/media?parent=2528"}],"curies":[{"name":"wp","href":"https:\/\/api.w.org\/{rel}","templated":true}]}}