{"id":2533,"date":"2021-05-17T14:27:59","date_gmt":"2021-05-17T18:27:59","guid":{"rendered":"https:\/\/nouveau.arrowlocation.com\/?page_id=2533"},"modified":"2021-07-05T08:39:32","modified_gmt":"2021-07-05T12:39:32","slug":"victim-of-a-disaster","status":"publish","type":"page","link":"https:\/\/arrowlocation.com\/es\/victim-of-a-disaster\/","title":{"rendered":"V\u00edctima de una cat\u00e1strofe"},"content":{"rendered":"<div data-elementor-type=\"wp-page\" data-elementor-id=\"2533\" class=\"elementor elementor-2533\" data-elementor-post-type=\"page\">\n\t\t\t\t\t\t<section data-particle_enable=\"false\" data-particle-mobile-disabled=\"false\" class=\"elementor-section elementor-top-section elementor-element elementor-element-d52f514 elementor-section-boxed elementor-section-height-default elementor-section-height-default\" data-id=\"d52f514\" data-element_type=\"section\" data-settings=\"{&quot;background_background&quot;:&quot;classic&quot;}\">\n\t\t\t\t\t\t<div class=\"elementor-container elementor-column-gap-default\">\n\t\t\t\t\t<div class=\"elementor-column elementor-col-100 elementor-top-column elementor-element elementor-element-b2b518b\" data-id=\"b2b518b\" data-element_type=\"column\">\n\t\t\t<div class=\"elementor-widget-wrap elementor-element-populated\">\n\t\t\t\t\t\t<div class=\"elementor-element elementor-element-761cf90 elementor-widget elementor-widget-spacer\" data-id=\"761cf90\" data-element_type=\"widget\" data-widget_type=\"spacer.default\">\n\t\t\t\t<div class=\"elementor-widget-container\">\n\t\t\t\t\t\t\t<div class=\"elementor-spacer\">\n\t\t\t<div class=\"elementor-spacer-inner\"><\/div>\n\t\t<\/div>\n\t\t\t\t\t\t<\/div>\n\t\t\t\t<\/div>\n\t\t\t\t<div class=\"elementor-element elementor-element-dc288fd elementor-widget elementor-widget-heading\" data-id=\"dc288fd\" data-element_type=\"widget\" data-widget_type=\"heading.default\">\n\t\t\t\t<div class=\"elementor-widget-container\">\n\t\t\t\t\t<h1 class=\"elementor-heading-title elementor-size-default\">V\u00edctimas de cat\u00e1strofes dom\u00e9sticas \/ Aseguradoras<\/h1>\t\t\t\t<\/div>\n\t\t\t\t<\/div>\n\t\t\t\t<div class=\"elementor-element elementor-element-32983b3 elementor-widget elementor-widget-spacer\" data-id=\"32983b3\" data-element_type=\"widget\" data-widget_type=\"spacer.default\">\n\t\t\t\t<div class=\"elementor-widget-container\">\n\t\t\t\t\t\t\t<div class=\"elementor-spacer\">\n\t\t\t<div class=\"elementor-spacer-inner\"><\/div>\n\t\t<\/div>\n\t\t\t\t\t\t<\/div>\n\t\t\t\t<\/div>\n\t\t\t\t\t<\/div>\n\t\t<\/div>\n\t\t\t\t\t<\/div>\n\t\t<\/section>\n\t\t\t\t<section data-particle_enable=\"false\" data-particle-mobile-disabled=\"false\" class=\"elementor-section elementor-top-section elementor-element elementor-element-dc2d3bf elementor-section-boxed elementor-section-height-default elementor-section-height-default\" data-id=\"dc2d3bf\" data-element_type=\"section\" data-settings=\"{&quot;background_background&quot;:&quot;classic&quot;}\">\n\t\t\t\t\t\t<div class=\"elementor-container elementor-column-gap-default\">\n\t\t\t\t\t<div class=\"elementor-column elementor-col-33 elementor-top-column elementor-element elementor-element-98db1ef\" data-id=\"98db1ef\" data-element_type=\"column\">\n\t\t\t<div class=\"elementor-widget-wrap elementor-element-populated\">\n\t\t\t\t\t\t<div class=\"elementor-element elementor-element-0ee8029 elementor-widget elementor-widget-image\" data-id=\"0ee8029\" data-element_type=\"widget\" data-widget_type=\"image.default\">\n\t\t\t\t<div class=\"elementor-widget-container\">\n\t\t\t\t\t\t\t\t\t\t\t\t\t\t\t<img fetchpriority=\"high\" decoding=\"async\" width=\"475\" height=\"375\" src=\"https:\/\/arrowlocation.com\/wp-content\/uploads\/2021\/04\/Perso_Assureurs_Maryse_475x375.png\" class=\"attachment-full size-full wp-image-1162\" alt=\"\" srcset=\"https:\/\/arrowlocation.com\/wp-content\/uploads\/2021\/04\/Perso_Assureurs_Maryse_475x375.png 475w, https:\/\/arrowlocation.com\/wp-content\/uploads\/2021\/04\/Perso_Assureurs_Maryse_475x375-300x237.png 300w, https:\/\/arrowlocation.com\/wp-content\/uploads\/2021\/04\/Perso_Assureurs_Maryse_475x375-15x12.png 15w\" sizes=\"(max-width: 475px) 100vw, 475px\" \/>\t\t\t\t\t\t\t\t\t\t\t\t\t\t\t<\/div>\n\t\t\t\t<\/div>\n\t\t\t\t\t<\/div>\n\t\t<\/div>\n\t\t\t\t<div class=\"elementor-column elementor-col-66 elementor-top-column elementor-element elementor-element-9981561\" data-id=\"9981561\" data-element_type=\"column\">\n\t\t\t<div class=\"elementor-widget-wrap elementor-element-populated\">\n\t\t\t\t\t\t<div class=\"elementor-element elementor-element-196cf71 elementor-widget elementor-widget-heading\" data-id=\"196cf71\" data-element_type=\"widget\" data-widget_type=\"heading.default\">\n\t\t\t\t<div class=\"elementor-widget-container\">\n\t\t\t\t\t<h2 class=\"elementor-heading-title elementor-size-default\">Maryse<\/h2>\t\t\t\t<\/div>\n\t\t\t\t<\/div>\n\t\t\t\t<div class=\"elementor-element elementor-element-80ef0a0 elementor-widget elementor-widget-heading\" data-id=\"80ef0a0\" data-element_type=\"widget\" data-widget_type=\"heading.default\">\n\t\t\t\t<div class=\"elementor-widget-container\">\n\t\t\t\t\t<h4 class=\"elementor-heading-title elementor-size-default\">V\u00cdCTIMA DE UN INCENDIO DOM\u00c9STICO<\/h4>\t\t\t\t<\/div>\n\t\t\t\t<\/div>\n\t\t\t\t<div class=\"elementor-element elementor-element-c1ececb elementor-widget elementor-widget-text-editor\" data-id=\"c1ececb\" data-element_type=\"widget\" data-widget_type=\"text-editor.default\">\n\t\t\t\t<div class=\"elementor-widget-container\">\n\t\t\t\t\t\t\t\t\t<p>Maryse had no idea that her tranquil life was going to be turned completely upside down. In a split second, she lost everything as the result of a house fire. Completely overwhelmed by this event, she just doesn&#8217;t know where to start. One thing is certain, she must relocate immediately. What can she do? She needs comfortable and fully equipped temporary accommodation, where she can live during the reconstruction of her home. <strong>Arrow es la soluci\u00f3n de alquiler temporal perfecta para volver a la vida normal lo antes posible.<\/strong><\/p>\t\t\t\t\t\t\t\t<\/div>\n\t\t\t\t<\/div>\n\t\t\t\t\t<\/div>\n\t\t<\/div>\n\t\t\t\t\t<\/div>\n\t\t<\/section>\n\t\t\t\t<section data-particle_enable=\"false\" data-particle-mobile-disabled=\"false\" class=\"elementor-section elementor-top-section elementor-element elementor-element-c876390 elementor-section-boxed elementor-section-height-default elementor-section-height-default\" data-id=\"c876390\" data-element_type=\"section\" data-settings=\"{&quot;background_background&quot;:&quot;classic&quot;}\">\n\t\t\t\t\t\t<div class=\"elementor-container elementor-column-gap-default\">\n\t\t\t\t\t<div class=\"elementor-column elementor-col-100 elementor-top-column elementor-element elementor-element-8411f72\" data-id=\"8411f72\" data-element_type=\"column\">\n\t\t\t<div class=\"elementor-widget-wrap elementor-element-populated\">\n\t\t\t\t\t\t<div class=\"elementor-element elementor-element-c1e6b51 elementor-widget elementor-widget-heading\" data-id=\"c1e6b51\" data-element_type=\"widget\" data-widget_type=\"heading.default\">\n\t\t\t\t<div class=\"elementor-widget-container\">\n\t\t\t\t\t<h3 class=\"elementor-heading-title elementor-size-default\">Comparar las ventajas de Arrow <\/h3>\t\t\t\t<\/div>\n\t\t\t\t<\/div>\n\t\t\t\t\t<\/div>\n\t\t<\/div>\n\t\t\t\t\t<\/div>\n\t\t<\/section>\n\t\t\t\t<section data-particle_enable=\"false\" data-particle-mobile-disabled=\"false\" class=\"elementor-section elementor-top-section elementor-element elementor-element-0253b0c elementor-section-boxed elementor-section-height-default elementor-section-height-default\" data-id=\"0253b0c\" data-element_type=\"section\" data-settings=\"{&quot;background_background&quot;:&quot;classic&quot;}\">\n\t\t\t\t\t\t<div class=\"elementor-container elementor-column-gap-default\">\n\t\t\t\t\t<div class=\"elementor-column elementor-col-33 elementor-top-column elementor-element elementor-element-c132da7\" data-id=\"c132da7\" data-element_type=\"column\">\n\t\t\t<div class=\"elementor-widget-wrap elementor-element-populated\">\n\t\t\t\t\t\t<div class=\"elementor-element elementor-element-c551d20 eael-pricing-content-align-left eael-pricing-button-align-center elementor-widget elementor-widget-eael-pricing-table\" data-id=\"c551d20\" data-element_type=\"widget\" data-widget_type=\"eael-pricing-table.default\">\n\t\t\t\t<div class=\"elementor-widget-container\">\n\t\t\t\t\t                    <div class=\"eael-pricing style-1 eael-header-devider\">\n                <div class=\"eael-pricing-item\">\n                    <div class=\"header\">\n                        <h2 class=\"title\">Flecha<\/h2>\n                    <\/div>\n                    <div class=\"eael-pricing-tag\">\n                        <span class=\"price-tag\"><span class=\"original-price\"><span class=\"price-currency\"><\/span>A partir de $65 \/ d\u00eda<\/span><\/span><span class=\"price-period\"><\/span>                    <\/div>\n                    <div class=\"body\">\n                                <ul>\n                            <li class=\"eael-pricing-item-feature elementor-repeater-item-c47b556\">\n                    \n                    \n                    <span >Unidades uniformes<\/span>\n                    \n                     \n                <\/li>\n                            <li class=\"eael-pricing-item-feature elementor-repeater-item-14b0d51\">\n                    \n                    \n                    <span >Altos niveles de calidad<\/span>\n                    \n                     \n                <\/li>\n                            <li class=\"eael-pricing-item-feature elementor-repeater-item-6d15f77\">\n                    \n                    \n                    <span >Servicios completos<\/span>\n                    \n                     \n                <\/li>\n                            <li class=\"eael-pricing-item-feature elementor-repeater-item-be86038\">\n                    \n                    \n                    <span >Totalmente equipado<\/span>\n                    \n                     \n                <\/li>\n                            <li class=\"eael-pricing-item-feature elementor-repeater-item-307e1bc\">\n                    \n                    \n                    <span >Gesti\u00f3n por parte de una empresa \/ orientada al servicio al cliente<\/span>\n                    \n                     \n                <\/li>\n                            <li class=\"eael-pricing-item-feature elementor-repeater-item-c777099\">\n                    \n                    \n                    <span >Sala de fitness, piscina, barbacoa, golf virtual ++.<\/span>\n                    \n                     \n                <\/li>\n                            <li class=\"eael-pricing-item-feature elementor-repeater-item-13bc244\">\n                    \n                    \n                    <span >Volumen de ocupaci\u00f3n moderado<\/span>\n                    \n                     \n                <\/li>\n                    <\/ul>\n                        <\/div>\n\t                                <\/div>\n            <\/div>\n                    \t\t\t\t<\/div>\n\t\t\t\t<\/div>\n\t\t\t\t\t<\/div>\n\t\t<\/div>\n\t\t\t\t<div class=\"elementor-column elementor-col-33 elementor-top-column elementor-element elementor-element-dcd91fb\" data-id=\"dcd91fb\" data-element_type=\"column\">\n\t\t\t<div class=\"elementor-widget-wrap elementor-element-populated\">\n\t\t\t\t\t\t<div class=\"elementor-element elementor-element-f03cbdd eael-pricing-content-align-left eael-pricing-button-align-center elementor-widget elementor-widget-eael-pricing-table\" data-id=\"f03cbdd\" data-element_type=\"widget\" data-widget_type=\"eael-pricing-table.default\">\n\t\t\t\t<div class=\"elementor-widget-container\">\n\t\t\t\t\t                    <div class=\"eael-pricing style-1 eael-header-devider\">\n                <div class=\"eael-pricing-item\">\n                    <div class=\"header\">\n                        <h2 class=\"title\">Anuncios clasificados<\/h2>\n                    <\/div>\n                    <div class=\"eael-pricing-tag\">\n                        <span class=\"price-tag\"><span class=\"original-price\"><span class=\"price-currency\"><\/span>A partir de $75 \/ d\u00eda<\/span><\/span><span class=\"price-period\"><\/span>                    <\/div>\n                    <div class=\"body\">\n                                <ul>\n                            <li class=\"eael-pricing-item-feature elementor-repeater-item-c47b556\">\n                    \n                    \n                    <span >Unidades no uniformes<\/span>\n                    \n                     \n                <\/li>\n                            <li class=\"eael-pricing-item-feature elementor-repeater-item-14b0d51\">\n                    \n                    \n                    <span >Normas de calidad inexistentes o variables<\/span>\n                    \n                     \n                <\/li>\n                            <li class=\"eael-pricing-item-feature elementor-repeater-item-42d84f8\">\n                    \n                    \n                    <span >Servicios limitados<\/span>\n                    \n                     \n                <\/li>\n                            <li class=\"eael-pricing-item-feature elementor-repeater-item-5e51d3f\">\n                    \n                    \n                    <span >Equipamiento inexistente o inadecuado<\/span>\n                    \n                     \n                <\/li>\n                            <li class=\"eael-pricing-item-feature elementor-repeater-item-06a08b1\">\n                    \n                    \n                    <span >Gesti\u00f3n por un individuo \/ centrada en el beneficio <\/span>\n                    \n                     \n                <\/li>\n                            <li class=\"eael-pricing-item-feature elementor-repeater-item-bacc5ef\">\n                    \n                    \n                    <span >Ninguna o muy pocas inclusiones<\/span>\n                    \n                     \n                <\/li>\n                            <li class=\"eael-pricing-item-feature elementor-repeater-item-c499e35\">\n                    \n                    \n                    <span >Volumen de ocupaci\u00f3n variable<\/span>\n                    \n                     \n                <\/li>\n                    <\/ul>\n                        <\/div>\n\t                                <\/div>\n            <\/div>\n                    \t\t\t\t<\/div>\n\t\t\t\t<\/div>\n\t\t\t\t\t<\/div>\n\t\t<\/div>\n\t\t\t\t<div class=\"elementor-column elementor-col-33 elementor-top-column elementor-element elementor-element-d1b2c1f\" data-id=\"d1b2c1f\" data-element_type=\"column\">\n\t\t\t<div class=\"elementor-widget-wrap elementor-element-populated\">\n\t\t\t\t\t\t<div class=\"elementor-element elementor-element-a5554b0 eael-pricing-content-align-left eael-pricing-button-align-center elementor-widget elementor-widget-eael-pricing-table\" data-id=\"a5554b0\" data-element_type=\"widget\" data-widget_type=\"eael-pricing-table.default\">\n\t\t\t\t<div class=\"elementor-widget-container\">\n\t\t\t\t\t                    <div class=\"eael-pricing style-1 eael-header-devider\">\n                <div class=\"eael-pricing-item\">\n                    <div class=\"header\">\n                        <h2 class=\"title\">Hotel<\/h2>\n                    <\/div>\n                    <div class=\"eael-pricing-tag\">\n                        <span class=\"price-tag\"><span class=\"original-price\"><span class=\"price-currency\"><\/span>A partir de $125 \/ d\u00eda<\/span><\/span><span class=\"price-period\"><\/span>                    <\/div>\n                    <div class=\"body\">\n                                <ul>\n                            <li class=\"eael-pricing-item-feature elementor-repeater-item-c47b556\">\n                    \n                    \n                    <span >Unidades uniformes<\/span>\n                    \n                     \n                <\/li>\n                            <li class=\"eael-pricing-item-feature elementor-repeater-item-14b0d51\">\n                    \n                    \n                    <span >Normas de calidad variables<\/span>\n                    \n                     \n                <\/li>\n                            <li class=\"eael-pricing-item-feature elementor-repeater-item-42d84f8\">\n                    \n                    \n                    <span >Servicios completos<\/span>\n                    \n                     \n                <\/li>\n                            <li class=\"eael-pricing-item-feature elementor-repeater-item-5e51d3f\">\n                    \n                    \n                    <span >Equipamiento limitado<\/span>\n                    \n                     \n                <\/li>\n                            <li class=\"eael-pricing-item-feature elementor-repeater-item-06a08b1\">\n                    \n                    \n                    <span >Gesti\u00f3n por un individuo \/ centrada en el beneficio <\/span>\n                    \n                     \n                <\/li>\n                            <li class=\"eael-pricing-item-feature elementor-repeater-item-bacc5ef\">\n                    \n                    \n                    <span >Sala de fitness, piscina y vest\u00edbulo<\/span>\n                    \n                     \n                <\/li>\n                            <li class=\"eael-pricing-item-feature elementor-repeater-item-c499e35\">\n                    \n                    \n                    <span >Alto volumen de ocupaci\u00f3n<\/span>\n                    \n                     \n                <\/li>\n                    <\/ul>\n                        <\/div>\n\t                                <\/div>\n            <\/div>\n                    \t\t\t\t<\/div>\n\t\t\t\t<\/div>\n\t\t\t\t\t<\/div>\n\t\t<\/div>\n\t\t\t\t\t<\/div>\n\t\t<\/section>\n\t\t\t\t<section data-particle_enable=\"false\" data-particle-mobile-disabled=\"false\" class=\"elementor-section elementor-top-section elementor-element elementor-element-bdf5479 elementor-section-boxed elementor-section-height-default elementor-section-height-default\" data-id=\"bdf5479\" data-element_type=\"section\" data-settings=\"{&quot;background_background&quot;:&quot;classic&quot;}\">\n\t\t\t\t\t\t<div class=\"elementor-container elementor-column-gap-default\">\n\t\t\t\t\t<div class=\"elementor-column elementor-col-100 elementor-top-column elementor-element elementor-element-58cad17\" data-id=\"58cad17\" data-element_type=\"column\">\n\t\t\t<div class=\"elementor-widget-wrap elementor-element-populated\">\n\t\t\t\t\t\t<div class=\"elementor-element elementor-element-9de15ef elementor-widget elementor-widget-spacer\" data-id=\"9de15ef\" data-element_type=\"widget\" data-widget_type=\"spacer.default\">\n\t\t\t\t<div class=\"elementor-widget-container\">\n\t\t\t\t\t\t\t<div class=\"elementor-spacer\">\n\t\t\t<div class=\"elementor-spacer-inner\"><\/div>\n\t\t<\/div>\n\t\t\t\t\t\t<\/div>\n\t\t\t\t<\/div>\n\t\t\t\t<div class=\"elementor-element elementor-element-9e2b78b elementor-widget elementor-widget-heading\" data-id=\"9e2b78b\" data-element_type=\"widget\" data-widget_type=\"heading.default\">\n\t\t\t\t<div class=\"elementor-widget-container\">\n\t\t\t\t\t<h3 class=\"elementor-heading-title elementor-size-default\">Ver alquileres temporales en<\/h3>\t\t\t\t<\/div>\n\t\t\t\t<\/div>\n\t\t\t\t\t<\/div>\n\t\t<\/div>\n\t\t\t\t\t<\/div>\n\t\t<\/section>\n\t\t\t\t<section data-particle_enable=\"false\" data-particle-mobile-disabled=\"false\" class=\"elementor-section elementor-top-section elementor-element elementor-element-997ff8c elementor-section-boxed elementor-section-height-default elementor-section-height-default\" data-id=\"997ff8c\" data-element_type=\"section\" data-settings=\"{&quot;background_background&quot;:&quot;classic&quot;}\">\n\t\t\t\t\t\t<div class=\"elementor-container elementor-column-gap-default\">\n\t\t\t\t\t<div class=\"elementor-column elementor-col-50 elementor-top-column elementor-element elementor-element-35949b9\" data-id=\"35949b9\" data-element_type=\"column\">\n\t\t\t<div class=\"elementor-widget-wrap elementor-element-populated\">\n\t\t\t\t\t\t<div class=\"elementor-element elementor-element-298a8d0 elementor-widget elementor-widget-image\" data-id=\"298a8d0\" data-element_type=\"widget\" data-widget_type=\"image.default\">\n\t\t\t\t<div class=\"elementor-widget-container\">\n\t\t\t\t\t\t\t\t\t\t\t\t\t\t\t\t<a href=\"http:\/\/arrowlocation.com\/en\/search\/?location%5B%5D=apartments-condos-houses-for-rent-montreal&#038;bedrooms=\">\n\t\t\t\t\t\t\t<img decoding=\"async\" width=\"1000\" height=\"507\" src=\"https:\/\/arrowlocation.com\/wp-content\/uploads\/2021\/06\/MicrosoftTeams-image-27.jpg\" class=\"elementor-animation-grow attachment-full size-full wp-image-7430\" alt=\"\" srcset=\"https:\/\/arrowlocation.com\/wp-content\/uploads\/2021\/06\/MicrosoftTeams-image-27.jpg 1000w, https:\/\/arrowlocation.com\/wp-content\/uploads\/2021\/06\/MicrosoftTeams-image-27-300x152.jpg 300w, https:\/\/arrowlocation.com\/wp-content\/uploads\/2021\/06\/MicrosoftTeams-image-27-768x389.jpg 768w, https:\/\/arrowlocation.com\/wp-content\/uploads\/2021\/06\/MicrosoftTeams-image-27-18x9.jpg 18w, https:\/\/arrowlocation.com\/wp-content\/uploads\/2021\/06\/MicrosoftTeams-image-27-496x251.jpg 496w\" sizes=\"(max-width: 1000px) 100vw, 1000px\" \/>\t\t\t\t\t\t\t\t<\/a>\n\t\t\t\t\t\t\t\t\t\t\t\t\t\t\t<\/div>\n\t\t\t\t<\/div>\n\t\t\t\t\t<\/div>\n\t\t<\/div>\n\t\t\t\t<div class=\"elementor-column elementor-col-50 elementor-top-column elementor-element elementor-element-dee14d8\" data-id=\"dee14d8\" data-element_type=\"column\">\n\t\t\t<div class=\"elementor-widget-wrap elementor-element-populated\">\n\t\t\t\t\t\t<div class=\"elementor-element elementor-element-9f2cfcd elementor-widget elementor-widget-image\" data-id=\"9f2cfcd\" data-element_type=\"widget\" data-widget_type=\"image.default\">\n\t\t\t\t<div class=\"elementor-widget-container\">\n\t\t\t\t\t\t\t\t\t\t\t\t\t\t\t\t<a href=\"http:\/\/arrowlocation.com\/en\/search\/?location%5B%5D=apartments-condos-houses-for-rent-quebec&#038;bedrooms=\">\n\t\t\t\t\t\t\t<img decoding=\"async\" width=\"1000\" height=\"507\" src=\"https:\/\/arrowlocation.com\/wp-content\/uploads\/2021\/06\/MicrosoftTeams-image-28.jpg\" class=\"elementor-animation-grow attachment-full size-full wp-image-7429\" alt=\"\" srcset=\"https:\/\/arrowlocation.com\/wp-content\/uploads\/2021\/06\/MicrosoftTeams-image-28.jpg 1000w, https:\/\/arrowlocation.com\/wp-content\/uploads\/2021\/06\/MicrosoftTeams-image-28-300x152.jpg 300w, https:\/\/arrowlocation.com\/wp-content\/uploads\/2021\/06\/MicrosoftTeams-image-28-768x389.jpg 768w, https:\/\/arrowlocation.com\/wp-content\/uploads\/2021\/06\/MicrosoftTeams-image-28-18x9.jpg 18w, https:\/\/arrowlocation.com\/wp-content\/uploads\/2021\/06\/MicrosoftTeams-image-28-496x251.jpg 496w\" sizes=\"(max-width: 1000px) 100vw, 1000px\" \/>\t\t\t\t\t\t\t\t<\/a>\n\t\t\t\t\t\t\t\t\t\t\t\t\t\t\t<\/div>\n\t\t\t\t<\/div>\n\t\t\t\t\t<\/div>\n\t\t<\/div>\n\t\t\t\t\t<\/div>\n\t\t<\/section>\n\t\t\t\t<section data-particle_enable=\"false\" data-particle-mobile-disabled=\"false\" class=\"elementor-section elementor-top-section elementor-element elementor-element-4d5c16f elementor-section-boxed elementor-section-height-default elementor-section-height-default\" data-id=\"4d5c16f\" data-element_type=\"section\" data-settings=\"{&quot;background_background&quot;:&quot;classic&quot;}\">\n\t\t\t\t\t\t<div class=\"elementor-container elementor-column-gap-default\">\n\t\t\t\t\t<div class=\"elementor-column elementor-col-100 elementor-top-column elementor-element elementor-element-9140f6e\" data-id=\"9140f6e\" data-element_type=\"column\">\n\t\t\t<div class=\"elementor-widget-wrap elementor-element-populated\">\n\t\t\t\t\t\t<div class=\"elementor-element elementor-element-edad7e6 elementor-align-center elementor-widget elementor-widget-button\" data-id=\"edad7e6\" data-element_type=\"widget\" data-widget_type=\"button.default\">\n\t\t\t\t<div class=\"elementor-widget-container\">\n\t\t\t\t\t\t\t\t\t<div class=\"elementor-button-wrapper\">\n\t\t\t\t\t<a class=\"elementor-button elementor-button-link elementor-size-md\" href=\"http:\/\/arrowlocation.com\/en\/meet-arrow\">\n\t\t\t\t\t\t<span class=\"elementor-button-content-wrapper\">\n\t\t\t\t\t\t\t\t\t<span class=\"elementor-button-text\">PEDIR CITA<\/span>\n\t\t\t\t\t<\/span>\n\t\t\t\t\t<\/a>\n\t\t\t\t<\/div>\n\t\t\t\t\t\t\t\t<\/div>\n\t\t\t\t<\/div>\n\t\t\t\t\t<\/div>\n\t\t<\/div>\n\t\t\t\t\t<\/div>\n\t\t<\/section>\n\t\t\t\t<section data-particle_enable=\"false\" data-particle-mobile-disabled=\"false\" class=\"elementor-section elementor-top-section elementor-element elementor-element-c31c3bd elementor-section-boxed elementor-section-height-default elementor-section-height-default\" data-id=\"c31c3bd\" data-element_type=\"section\" data-settings=\"{&quot;background_background&quot;:&quot;classic&quot;}\">\n\t\t\t\t\t\t<div class=\"elementor-container elementor-column-gap-default\">\n\t\t\t\t\t<div class=\"elementor-column elementor-col-100 elementor-top-column elementor-element elementor-element-d1a6b5b\" data-id=\"d1a6b5b\" data-element_type=\"column\">\n\t\t\t<div class=\"elementor-widget-wrap elementor-element-populated\">\n\t\t\t\t\t\t<div class=\"elementor-element elementor-element-2911d27 elementor-widget elementor-widget-spacer\" data-id=\"2911d27\" data-element_type=\"widget\" data-widget_type=\"spacer.default\">\n\t\t\t\t<div class=\"elementor-widget-container\">\n\t\t\t\t\t\t\t<div class=\"elementor-spacer\">\n\t\t\t<div class=\"elementor-spacer-inner\"><\/div>\n\t\t<\/div>\n\t\t\t\t\t\t<\/div>\n\t\t\t\t<\/div>\n\t\t\t\t\t<\/div>\n\t\t<\/div>\n\t\t\t\t\t<\/div>\n\t\t<\/section>\n\t\t\t\t<\/div>","protected":false},"excerpt":{"rendered":"<p>Home disaster victims \/ Insurers Maryse VICTIM OF A HOUSE FIRE Maryse had no idea that her tranquil life was going to be turned completely upside down. In a split second, she lost everything as the result of a house fire. Completely overwhelmed by this event, she just doesn&#8217;t know where to start. One thing [&hellip;]<\/p>","protected":false},"author":21,"featured_media":0,"parent":0,"menu_order":0,"comment_status":"closed","ping_status":"closed","template":"elementor_header_footer","meta":{"content-type":"","footnotes":""},"class_list":["post-2533","page","type-page","status-publish","hentry"],"_links":{"self":[{"href":"https:\/\/arrowlocation.com\/es\/wp-json\/wp\/v2\/pages\/2533","targetHints":{"allow":["GET"]}}],"collection":[{"href":"https:\/\/arrowlocation.com\/es\/wp-json\/wp\/v2\/pages"}],"about":[{"href":"https:\/\/arrowlocation.com\/es\/wp-json\/wp\/v2\/types\/page"}],"author":[{"embeddable":true,"href":"https:\/\/arrowlocation.com\/es\/wp-json\/wp\/v2\/users\/21"}],"replies":[{"embeddable":true,"href":"https:\/\/arrowlocation.com\/es\/wp-json\/wp\/v2\/comments?post=2533"}],"version-history":[{"count":0,"href":"https:\/\/arrowlocation.com\/es\/wp-json\/wp\/v2\/pages\/2533\/revisions"}],"wp:attachment":[{"href":"https:\/\/arrowlocation.com\/es\/wp-json\/wp\/v2\/media?parent=2533"}],"curies":[{"name":"wp","href":"https:\/\/api.w.org\/{rel}","templated":true}]}}